{"id":543676,"date":"2025-10-06T22:56:12","date_gmt":"2025-10-06T19:56:12","guid":{"rendered":"https:\/\/sutore.com\/?post_type=product&#038;p=543676"},"modified":"2026-04-02T16:09:10","modified_gmt":"2026-04-02T13:09:10","slug":"ugg-tazz-ii-slipper-black-womens","status":"publish","type":"product","link":"https:\/\/sutore.com\/en\/product\/ugg-tazz-ii-slipper-black-womens\/","title":{"rendered":"UGG Tazz II Slipper Black (W)"},"content":{"rendered":"<p style=\"text-align: center;\">UGG Tazz II Slipper Black (W), g\u00fcnl\u00fck stil ve \u00fcst\u00fcn konforu birle\u015ftiren ikonik kad\u0131n terliktir. Siyah rengiyle her kombine uyan bu model, yumu\u015fak i\u00e7 astar\u0131 ve destekleyici platform taban\u0131yla evde ve \u015fehirde s\u0131cak, rahat bir deneyim sunar. Premium s\u00fcet \u00fcst y\u00fczey ve dayan\u0131kl\u0131 d\u0131\u015f taban uzun \u00f6m\u00fcr sa\u011flar. Minimalist tasar\u0131m, UGG imzas\u0131 ve modern sil\u00fcetle \u00f6ne \u00e7\u0131kar. K\u0131\u015f aylar\u0131nda \u0131s\u0131, y\u0131l boyu konfor arayanlar i\u00e7in ideal UGG Tazz II Slipper kad\u0131n terlik.<\/p>\n","protected":false},"excerpt":{"rendered":"<p style=\"text-align: center;\">UGG Tazz II Slipper Black (W), g\u00fcnl\u00fck stil ve \u00fcst\u00fcn konforu birle\u015ftiren ikonik kad\u0131n terliktir. Siyah rengiyle her kombine uyan bu model, yumu\u015fak i\u00e7 astar\u0131 ve destekleyici platform taban\u0131yla evde ve \u015fehirde s\u0131cak, rahat bir deneyim sunar. Premium s\u00fcet \u00fcst y\u00fczey ve dayan\u0131kl\u0131 d\u0131\u015f taban uzun \u00f6m\u00fcr sa\u011flar. Minimalist tasar\u0131m, UGG imzas\u0131 ve modern sil\u00fcetle \u00f6ne \u00e7\u0131kar. K\u0131\u015f aylar\u0131nda \u0131s\u0131, y\u0131l boyu konfor arayanlar i\u00e7in ideal UGG Tazz II Slipper kad\u0131n terlik.<\/p>\n","protected":false},"featured_media":544172,"template":"","meta":{"_acf_changed":false},"product_brand":[2118,1989],"product_cat":[74,1569,2186,2192,1798,1797],"product_tag":[1327],"class_list":{"0":"post-543676","1":"product","2":"type-product","3":"status-publish","4":"has-post-thumbnail","6":"product_brand-ugg-en","7":"product_brand-ugg","8":"product_cat-sneakers","9":"product_cat-sneakers-en","10":"product_cat-tazz","11":"product_cat-tazz-en","12":"product_cat-ugg-en","13":"product_cat-ugg","14":"product_tag-siyah","16":"first","17":"instock","18":"shipping-taxable","19":"purchasable","20":"product-type-variable"},"acf":[],"_links":{"self":[{"href":"https:\/\/sutore.com\/en\/wp-json\/wp\/v2\/product\/543676","targetHints":{"allow":["GET"]}}],"collection":[{"href":"https:\/\/sutore.com\/en\/wp-json\/wp\/v2\/product"}],"about":[{"href":"https:\/\/sutore.com\/en\/wp-json\/wp\/v2\/types\/product"}],"wp:featuredmedia":[{"embeddable":true,"href":"https:\/\/sutore.com\/en\/wp-json\/wp\/v2\/media\/544172"}],"wp:attachment":[{"href":"https:\/\/sutore.com\/en\/wp-json\/wp\/v2\/media?parent=543676"}],"wp:term":[{"taxonomy":"product_brand","embeddable":true,"href":"https:\/\/sutore.com\/en\/wp-json\/wp\/v2\/product_brand?post=543676"},{"taxonomy":"product_cat","embeddable":true,"href":"https:\/\/sutore.com\/en\/wp-json\/wp\/v2\/product_cat?post=543676"},{"taxonomy":"product_tag","embeddable":true,"href":"https:\/\/sutore.com\/en\/wp-json\/wp\/v2\/product_tag?post=543676"}],"curies":[{"name":"wp","href":"https:\/\/api.w.org\/{rel}","templated":true}]}}