{"id":543707,"date":"2025-12-04T00:38:00","date_gmt":"2025-12-03T21:38:00","guid":{"rendered":"https:\/\/sutore.com\/?post_type=product&#038;p=543707"},"modified":"2026-04-03T16:45:10","modified_gmt":"2026-04-03T13:45:10","slug":"supreme-vanson-leathers-b-b-simon-jacket-orange","status":"publish","type":"product","link":"https:\/\/sutore.com\/en\/product\/supreme-vanson-leathers-b-b-simon-jacket-orange\/","title":{"rendered":"Supreme Vanson Leathers b.b. Simon Jacket Orange"},"content":{"rendered":"<p style=\"text-align: center;\">Supreme Vanson Leathers b.b. Simon Jacket Orange, ikonik Supreme x Vanson i\u015f\u00e7ili\u011fini b.b. Simon&#8217;\u0131n \u0131\u015f\u0131lt\u0131l\u0131 dokunu\u015fuyla birle\u015ftiren, turuncu renkli statement deri ceket. Premium malzeme, dikkat \u00e7eken kristal\/metal detaylar ve motosiklet esintili form, hem streetwear stili hem koleksiyonlar i\u00e7in ideal. Konforlu kesim, sa\u011flam fermuarlar ve g\u00fcnl\u00fck kullan\u0131ma uygun dayan\u0131kl\u0131l\u0131k sunar.<\/p>\n","protected":false},"excerpt":{"rendered":"<p style=\"text-align: center;\">Supreme Vanson Leathers b.b. Simon Jacket Orange, ikonik Supreme x Vanson i\u015f\u00e7ili\u011fini b.b. Simon&#8217;\u0131n \u0131\u015f\u0131lt\u0131l\u0131 dokunu\u015fuyla birle\u015ftiren, turuncu renkli statement deri ceket. Premium malzeme, dikkat \u00e7eken kristal\/metal detaylar ve motosiklet esintili form, hem streetwear stili hem koleksiyonlar i\u00e7in ideal. Konforlu kesim, sa\u011flam fermuarlar ve g\u00fcnl\u00fck kullan\u0131ma uygun dayan\u0131kl\u0131l\u0131k sunar.<\/p>\n","protected":false},"featured_media":543805,"template":"","meta":{"_acf_changed":false},"product_brand":[1942,1986],"product_cat":[1564,2154,714,2178],"product_tag":[1339],"class_list":{"0":"post-543707","1":"product","2":"type-product","3":"status-publish","4":"has-post-thumbnail","6":"product_brand-supreme","7":"product_brand-supreme-en","8":"product_cat-apparels-en","9":"product_cat-outerwear","10":"product_cat-apparels","11":"product_cat-outerwear-en","12":"product_tag-turuncu","14":"first","15":"outofstock","16":"shipping-taxable","17":"product-type-variable"},"acf":[],"_links":{"self":[{"href":"https:\/\/sutore.com\/en\/wp-json\/wp\/v2\/product\/543707","targetHints":{"allow":["GET"]}}],"collection":[{"href":"https:\/\/sutore.com\/en\/wp-json\/wp\/v2\/product"}],"about":[{"href":"https:\/\/sutore.com\/en\/wp-json\/wp\/v2\/types\/product"}],"wp:featuredmedia":[{"embeddable":true,"href":"https:\/\/sutore.com\/en\/wp-json\/wp\/v2\/media\/543805"}],"wp:attachment":[{"href":"https:\/\/sutore.com\/en\/wp-json\/wp\/v2\/media?parent=543707"}],"wp:term":[{"taxonomy":"product_brand","embeddable":true,"href":"https:\/\/sutore.com\/en\/wp-json\/wp\/v2\/product_brand?post=543707"},{"taxonomy":"product_cat","embeddable":true,"href":"https:\/\/sutore.com\/en\/wp-json\/wp\/v2\/product_cat?post=543707"},{"taxonomy":"product_tag","embeddable":true,"href":"https:\/\/sutore.com\/en\/wp-json\/wp\/v2\/product_tag?post=543707"}],"curies":[{"name":"wp","href":"https:\/\/api.w.org\/{rel}","templated":true}]}}