{"id":544387,"date":"2025-12-03T20:53:13","date_gmt":"2025-12-03T17:53:13","guid":{"rendered":"https:\/\/sutore.com\/?post_type=product&#038;p=544387"},"modified":"2026-04-04T04:43:03","modified_gmt":"2026-04-04T01:43:03","slug":"nike-kobe-9-elite-low-protro-perspective","status":"publish","type":"product","link":"https:\/\/sutore.com\/en\/product\/nike-kobe-9-elite-low-protro-perspective\/","title":{"rendered":"Nike Kobe 9 Elite Low Protro Perspective"},"content":{"rendered":"<p style=\"text-align: center;\">Nike Kobe 9 Elite Low Protro Perspective, efsanevi Kobe sil\u00fcetini modern performansla bulu\u015fturur. Nefes alabilir Flyknit saya, hafiflik ve hassas sarma sunarken d\u00fc\u015f\u00fck bilek yap\u0131s\u0131 \u00f6zg\u00fcr hareket sa\u011flar. Yenilenmi\u015f yast\u0131klama, patlay\u0131c\u0131 ilk ad\u0131m ve t\u00fcm ma\u00e7 boyunca konfor verir. Karbon fiber destek ve \u00e7ok y\u00f6nl\u00fc desenli kau\u00e7uk d\u0131\u015f taban, keskin y\u00f6n de\u011fi\u015fimlerinde tutu\u015f ve stabilite sa\u011flar. \u0130konik \u201cPerspective\u201d renk paleti, sahada ve sokakta iddial\u0131 bir stil ta\u015f\u0131r. Performans odakl\u0131 sporcular ve koleksiyoncular i\u00e7in premium bir basketbol ayakkab\u0131s\u0131.<\/p>\n","protected":false},"excerpt":{"rendered":"<p style=\"text-align: center;\">Nike Kobe 9 Elite Low Protro Perspective, efsanevi Kobe sil\u00fcetini modern performansla bulu\u015fturur. Nefes alabilir Flyknit saya, hafiflik ve hassas sarma sunarken d\u00fc\u015f\u00fck bilek yap\u0131s\u0131 \u00f6zg\u00fcr hareket sa\u011flar. Yenilenmi\u015f yast\u0131klama, patlay\u0131c\u0131 ilk ad\u0131m ve t\u00fcm ma\u00e7 boyunca konfor verir. Karbon fiber destek ve \u00e7ok y\u00f6nl\u00fc desenli kau\u00e7uk d\u0131\u015f taban, keskin y\u00f6n de\u011fi\u015fimlerinde tutu\u015f ve stabilite sa\u011flar. \u0130konik \u201cPerspective\u201d renk paleti, sahada ve sokakta iddial\u0131 bir stil ta\u015f\u0131r. Performans odakl\u0131 sporcular ve koleksiyoncular i\u00e7in premium bir basketbol ayakkab\u0131s\u0131.<\/p>\n","protected":false},"featured_media":544467,"template":"","meta":{"_acf_changed":false},"product_brand":[1928,2087],"product_cat":[1880,1885,98,1582,74,1569],"product_tag":[1332],"class_list":{"0":"post-544387","1":"product","2":"type-product","3":"status-publish","4":"has-post-thumbnail","6":"product_brand-nike","7":"product_brand-nike-en","8":"product_cat-kobe","9":"product_cat-kobe-en","10":"product_cat-nike","11":"product_cat-nike-en","12":"product_cat-sneakers","13":"product_cat-sneakers-en","14":"product_tag-mavi","16":"first","17":"instock","18":"shipping-taxable","19":"purchasable","20":"product-type-variable"},"acf":[],"_links":{"self":[{"href":"https:\/\/sutore.com\/en\/wp-json\/wp\/v2\/product\/544387","targetHints":{"allow":["GET"]}}],"collection":[{"href":"https:\/\/sutore.com\/en\/wp-json\/wp\/v2\/product"}],"about":[{"href":"https:\/\/sutore.com\/en\/wp-json\/wp\/v2\/types\/product"}],"wp:featuredmedia":[{"embeddable":true,"href":"https:\/\/sutore.com\/en\/wp-json\/wp\/v2\/media\/544467"}],"wp:attachment":[{"href":"https:\/\/sutore.com\/en\/wp-json\/wp\/v2\/media?parent=544387"}],"wp:term":[{"taxonomy":"product_brand","embeddable":true,"href":"https:\/\/sutore.com\/en\/wp-json\/wp\/v2\/product_brand?post=544387"},{"taxonomy":"product_cat","embeddable":true,"href":"https:\/\/sutore.com\/en\/wp-json\/wp\/v2\/product_cat?post=544387"},{"taxonomy":"product_tag","embeddable":true,"href":"https:\/\/sutore.com\/en\/wp-json\/wp\/v2\/product_tag?post=544387"}],"curies":[{"name":"wp","href":"https:\/\/api.w.org\/{rel}","templated":true}]}}