{"id":544388,"date":"2025-10-10T20:53:17","date_gmt":"2025-10-10T17:53:17","guid":{"rendered":"https:\/\/sutore.com\/?post_type=product&#038;p=544388"},"modified":"2026-04-02T16:13:09","modified_gmt":"2026-04-02T13:13:09","slug":"nike-rejuven8-run-og-metallic-silver-voltage-green-womens","status":"publish","type":"product","link":"https:\/\/sutore.com\/en\/product\/nike-rejuven8-run-og-metallic-silver-voltage-green-womens\/","title":{"rendered":"Nike Rejuven8 Run OG Metallic Silver Voltage Green (W)"},"content":{"rendered":"<p style=\"text-align: center;\">Nike Rejuven8 Run OG Metallic Silver Voltage Green (W), retro ko\u015fu DNA\u2019s\u0131n\u0131 modern konforla birle\u015ftirir. Delikli \u00fcst saya ve i\u00e7 \u00e7orap yap\u0131s\u0131 nefes alabilirlik ve sar\u0131c\u0131 uyum sunar. Yast\u0131klamal\u0131 orta taban g\u00fcn boyu rahatl\u0131k, kau\u00e7uk d\u0131\u015f taban ise g\u00fcvenli tutu\u015f sa\u011flar. Metallic Silver g\u00f6vdeyi canl\u0131 Voltage Green detaylar vurgular; hem ko\u015fu hem g\u00fcnl\u00fck stil i\u00e7in ideal. Hafif, esnek ve dayan\u0131kl\u0131 yap\u0131s\u0131yla dolab\u0131n\u0131z\u0131n \u00e7ok y\u00f6nl\u00fc favorisi.<\/p>\n","protected":false},"excerpt":{"rendered":"<p style=\"text-align: center;\">Nike Rejuven8 Run OG Metallic Silver Voltage Green (W), retro ko\u015fu DNA\u2019s\u0131n\u0131 modern konforla birle\u015ftirir. Delikli \u00fcst saya ve i\u00e7 \u00e7orap yap\u0131s\u0131 nefes alabilirlik ve sar\u0131c\u0131 uyum sunar. Yast\u0131klamal\u0131 orta taban g\u00fcn boyu rahatl\u0131k, kau\u00e7uk d\u0131\u015f taban ise g\u00fcvenli tutu\u015f sa\u011flar. Metallic Silver g\u00f6vdeyi canl\u0131 Voltage Green detaylar vurgular; hem ko\u015fu hem g\u00fcnl\u00fck stil i\u00e7in ideal. Hafif, esnek ve dayan\u0131kl\u0131 yap\u0131s\u0131yla dolab\u0131n\u0131z\u0131n \u00e7ok y\u00f6nl\u00fc favorisi.<\/p>\n","protected":false},"featured_media":544459,"template":"","meta":{"_acf_changed":false},"product_brand":[2087,1928],"product_cat":[101,1582,98,1586,74,1569],"product_tag":[1331],"class_list":{"0":"post-544388","1":"product","2":"type-product","3":"status-publish","4":"has-post-thumbnail","6":"product_brand-nike-en","7":"product_brand-nike","8":"product_cat-others-nike","9":"product_cat-nike-en","10":"product_cat-nike","11":"product_cat-others-nike-en","12":"product_cat-sneakers","13":"product_cat-sneakers-en","14":"product_tag-yesil","16":"first","17":"instock","18":"shipping-taxable","19":"purchasable","20":"product-type-variable"},"acf":[],"_links":{"self":[{"href":"https:\/\/sutore.com\/en\/wp-json\/wp\/v2\/product\/544388","targetHints":{"allow":["GET"]}}],"collection":[{"href":"https:\/\/sutore.com\/en\/wp-json\/wp\/v2\/product"}],"about":[{"href":"https:\/\/sutore.com\/en\/wp-json\/wp\/v2\/types\/product"}],"wp:featuredmedia":[{"embeddable":true,"href":"https:\/\/sutore.com\/en\/wp-json\/wp\/v2\/media\/544459"}],"wp:attachment":[{"href":"https:\/\/sutore.com\/en\/wp-json\/wp\/v2\/media?parent=544388"}],"wp:term":[{"taxonomy":"product_brand","embeddable":true,"href":"https:\/\/sutore.com\/en\/wp-json\/wp\/v2\/product_brand?post=544388"},{"taxonomy":"product_cat","embeddable":true,"href":"https:\/\/sutore.com\/en\/wp-json\/wp\/v2\/product_cat?post=544388"},{"taxonomy":"product_tag","embeddable":true,"href":"https:\/\/sutore.com\/en\/wp-json\/wp\/v2\/product_tag?post=544388"}],"curies":[{"name":"wp","href":"https:\/\/api.w.org\/{rel}","templated":true}]}}