{"id":544396,"date":"2025-12-03T20:53:53","date_gmt":"2025-12-03T17:53:53","guid":{"rendered":"https:\/\/sutore.com\/?post_type=product&#038;p=544396"},"modified":"2026-04-04T04:43:32","modified_gmt":"2026-04-04T01:43:32","slug":"nike-air-jordan-5-retro-psg-paris-saint-germain-off-noir","status":"publish","type":"product","link":"https:\/\/sutore.com\/en\/product\/nike-air-jordan-5-retro-psg-paris-saint-germain-off-noir\/","title":{"rendered":"Nike Air Jordan 5 Retro PSG Paris Saint-Germain Off Noir"},"content":{"rendered":"<p style=\"text-align: center;\">Nike Air Jordan 5 Retro PSG Paris Saint\u2011Germain Off Noir, premium nubuk \u00fcst y\u00fczey, 3M yans\u0131t\u0131c\u0131 dil ve yan file panellerle ikonik AJ5 sil\u00fcetini PSG ruhuyla birle\u015ftirir. Off Noir renk paleti, k\u0131rm\u0131z\u0131 beyaz vurgu detaylar\u0131 ve 75 numara ile Paris\u2019e selam verir. Topukta PSG armas\u0131, tabanda g\u00f6r\u00fcn\u00fcr Air yast\u0131klama ve di\u015fli orta taban konfor ve tutu\u015f sa\u011flar. Koleksiyonluk sneaker arayanlar i\u00e7in g\u00fcnl\u00fck stile ve sahaya uygun, s\u0131n\u0131rl\u0131 \u00fcretim bir modeldir. Jordan, PSG ve Off Noir anahtar kelimeleriyle aramalarda \u00f6ne \u00e7\u0131kar.<\/p>\n","protected":false},"excerpt":{"rendered":"<p style=\"text-align: center;\">Nike Air Jordan 5 Retro PSG Paris Saint\u2011Germain Off Noir, premium nubuk \u00fcst y\u00fczey, 3M yans\u0131t\u0131c\u0131 dil ve yan file panellerle ikonik AJ5 sil\u00fcetini PSG ruhuyla birle\u015ftirir. Off Noir renk paleti, k\u0131rm\u0131z\u0131 beyaz vurgu detaylar\u0131 ve 75 numara ile Paris\u2019e selam verir. Topukta PSG armas\u0131, tabanda g\u00f6r\u00fcn\u00fcr Air yast\u0131klama ve di\u015fli orta taban konfor ve tutu\u015f sa\u011flar. Koleksiyonluk sneaker arayanlar i\u00e7in g\u00fcnl\u00fck stile ve sahaya uygun, s\u0131n\u0131rl\u0131 \u00fcretim bir modeldir. Jordan, PSG ve Off Noir anahtar kelimeleriyle aramalarda \u00f6ne \u00e7\u0131kar.<\/p>\n","protected":false},"featured_media":544427,"template":"","meta":{"_acf_changed":false},"product_brand":[2041,2019,1928,2087],"product_cat":[1577,96,946,1581,74,1569],"product_tag":[1327],"class_list":{"0":"post-544396","1":"product","2":"type-product","3":"status-publish","4":"has-post-thumbnail","6":"product_brand-air-jordan-en","7":"product_brand-air-jordan","8":"product_brand-nike","9":"product_brand-nike-en","10":"product_cat-air-jordan-en","11":"product_cat-air-jordan","12":"product_cat-others-air-jordan","13":"product_cat-others-air-jordan-en","14":"product_cat-sneakers","15":"product_cat-sneakers-en","16":"product_tag-siyah","18":"first","19":"instock","20":"shipping-taxable","21":"purchasable","22":"product-type-variable"},"acf":[],"_links":{"self":[{"href":"https:\/\/sutore.com\/en\/wp-json\/wp\/v2\/product\/544396","targetHints":{"allow":["GET"]}}],"collection":[{"href":"https:\/\/sutore.com\/en\/wp-json\/wp\/v2\/product"}],"about":[{"href":"https:\/\/sutore.com\/en\/wp-json\/wp\/v2\/types\/product"}],"wp:featuredmedia":[{"embeddable":true,"href":"https:\/\/sutore.com\/en\/wp-json\/wp\/v2\/media\/544427"}],"wp:attachment":[{"href":"https:\/\/sutore.com\/en\/wp-json\/wp\/v2\/media?parent=544396"}],"wp:term":[{"taxonomy":"product_brand","embeddable":true,"href":"https:\/\/sutore.com\/en\/wp-json\/wp\/v2\/product_brand?post=544396"},{"taxonomy":"product_cat","embeddable":true,"href":"https:\/\/sutore.com\/en\/wp-json\/wp\/v2\/product_cat?post=544396"},{"taxonomy":"product_tag","embeddable":true,"href":"https:\/\/sutore.com\/en\/wp-json\/wp\/v2\/product_tag?post=544396"}],"curies":[{"name":"wp","href":"https:\/\/api.w.org\/{rel}","templated":true}]}}