{"id":549238,"date":"2025-07-13T00:10:51","date_gmt":"2025-07-12T21:10:51","guid":{"rendered":"https:\/\/sutore.com\/?post_type=product&#038;p=549238"},"modified":"2026-04-02T16:26:54","modified_gmt":"2026-04-02T13:26:54","slug":"nike-air-max-goadome-sail-cacao-wow-cow-print-pony-hair","status":"publish","type":"product","link":"https:\/\/sutore.com\/en\/product\/nike-air-max-goadome-sail-cacao-wow-cow-print-pony-hair\/","title":{"rendered":"Nike Air Max Goadome Sail Cacao Wow Cow Print Pony Hair"},"content":{"rendered":"<p style=\"text-align: center;\">Nike Air Max Goadome Sail Cacao Wow, Cow Print Pony Hair detaylar\u0131yla \u015fehir ve outdoor performans\u0131n\u0131 bulu\u015fturur. Premium deri \u00fcst y\u00fczey, pony hair dokulu inek deseniyle karakter kazan\u0131rken, tam boy Air yast\u0131klama g\u00fcn boyu konfor sunar. Dayan\u0131kl\u0131 taban g\u00fc\u00e7l\u00fc tutu\u015f sa\u011flar; diki\u015fli yap\u0131 ve suya dayan\u0131kl\u0131 kaplama zorlu hava ko\u015fullar\u0131na haz\u0131rd\u0131r. Y\u00fckseltilmi\u015f bilek deste\u011fi, k\u0131\u015f gard\u0131robuna ikonik bir siluet ekler. Cesur stil, i\u015flevsel koruma ve uzun \u00f6m\u00fcrl\u00fc kaliteyi tek modelde arayanlar i\u00e7in ideal.<\/p>\n","protected":false},"excerpt":{"rendered":"<p style=\"text-align: center;\">Nike Air Max Goadome Sail Cacao Wow, Cow Print Pony Hair detaylar\u0131yla \u015fehir ve outdoor performans\u0131n\u0131 bulu\u015fturur. Premium deri \u00fcst y\u00fczey, pony hair dokulu inek deseniyle karakter kazan\u0131rken, tam boy Air yast\u0131klama g\u00fcn boyu konfor sunar. Dayan\u0131kl\u0131 taban g\u00fc\u00e7l\u00fc tutu\u015f sa\u011flar; diki\u015fli yap\u0131 ve suya dayan\u0131kl\u0131 kaplama zorlu hava ko\u015fullar\u0131na haz\u0131rd\u0131r. Y\u00fckseltilmi\u015f bilek deste\u011fi, k\u0131\u015f gard\u0131robuna ikonik bir siluet ekler. Cesur stil, i\u015flevsel koruma ve uzun \u00f6m\u00fcrl\u00fc kaliteyi tek modelde arayanlar i\u00e7in ideal.<\/p>\n","protected":false},"featured_media":549400,"template":"","meta":{"_acf_changed":false},"product_brand":[2087,1928],"product_cat":[1584,99,1582,98,74,1569],"product_tag":[1338],"class_list":{"0":"post-549238","1":"product","2":"type-product","3":"status-publish","4":"has-post-thumbnail","6":"product_brand-nike-en","7":"product_brand-nike","8":"product_cat-air-max-en","9":"product_cat-air-max","10":"product_cat-nike-en","11":"product_cat-nike","12":"product_cat-sneakers","13":"product_cat-sneakers-en","14":"product_tag-kahverengi","16":"first","17":"instock","18":"shipping-taxable","19":"purchasable","20":"product-type-variable"},"acf":[],"_links":{"self":[{"href":"https:\/\/sutore.com\/en\/wp-json\/wp\/v2\/product\/549238","targetHints":{"allow":["GET"]}}],"collection":[{"href":"https:\/\/sutore.com\/en\/wp-json\/wp\/v2\/product"}],"about":[{"href":"https:\/\/sutore.com\/en\/wp-json\/wp\/v2\/types\/product"}],"wp:featuredmedia":[{"embeddable":true,"href":"https:\/\/sutore.com\/en\/wp-json\/wp\/v2\/media\/549400"}],"wp:attachment":[{"href":"https:\/\/sutore.com\/en\/wp-json\/wp\/v2\/media?parent=549238"}],"wp:term":[{"taxonomy":"product_brand","embeddable":true,"href":"https:\/\/sutore.com\/en\/wp-json\/wp\/v2\/product_brand?post=549238"},{"taxonomy":"product_cat","embeddable":true,"href":"https:\/\/sutore.com\/en\/wp-json\/wp\/v2\/product_cat?post=549238"},{"taxonomy":"product_tag","embeddable":true,"href":"https:\/\/sutore.com\/en\/wp-json\/wp\/v2\/product_tag?post=549238"}],"curies":[{"name":"wp","href":"https:\/\/api.w.org\/{rel}","templated":true}]}}