{"id":549240,"date":"2023-12-13T00:11:03","date_gmt":"2023-12-12T21:11:03","guid":{"rendered":"https:\/\/sutore.com\/?post_type=product&#038;p=549240"},"modified":"2026-03-27T14:27:49","modified_gmt":"2026-03-27T11:27:49","slug":"nike-air-griffey-max-1-freshwater-2021-2025","status":"publish","type":"product","link":"https:\/\/sutore.com\/en\/product\/nike-air-griffey-max-1-freshwater-2021-2025\/","title":{"rendered":"Nike Air Griffey Max 1 Freshwater (2021\/2025)"},"content":{"rendered":"<p style=\"text-align: center;\">Nike Air Griffey Max 1 Freshwater (2021\/2025), Ken Griffey Jr.\u2019\u0131n miras\u0131n\u0131 modern konforla bulu\u015fturur. \u0130konik Freshwater renk d\u00fczeni, bilek kay\u0131\u015f\u0131 ve g\u00f6r\u00fcn\u00fcr Air yast\u0131klama ile \u00f6ne \u00e7\u0131kar. Dayan\u0131kl\u0131 \u00fcst y\u00fczey, destekleyici orta taban ve tutu\u015f sa\u011flayan kau\u00e7uk d\u0131\u015f taban g\u00fcnl\u00fck kullan\u0131m ve sokak stiline uygundur. Retro beyzbol ilham\u0131, koleksiyonluk de\u011fer ve y\u00fcksek konfor arayan sneaker severler i\u00e7in ideal se\u00e7im. Unisex tasar\u0131m, tam kal\u0131p uyum. Limitli stoklar i\u00e7in hemen ke\u015ffedin.<\/p>\n","protected":false},"excerpt":{"rendered":"<p style=\"text-align: center;\">Nike Air Griffey Max 1 Freshwater (2021\/2025), Ken Griffey Jr.\u2019\u0131n miras\u0131n\u0131 modern konforla bulu\u015fturur. \u0130konik Freshwater renk d\u00fczeni, bilek kay\u0131\u015f\u0131 ve g\u00f6r\u00fcn\u00fcr Air yast\u0131klama ile \u00f6ne \u00e7\u0131kar. Dayan\u0131kl\u0131 \u00fcst y\u00fczey, destekleyici orta taban ve tutu\u015f sa\u011flayan kau\u00e7uk d\u0131\u015f taban g\u00fcnl\u00fck kullan\u0131m ve sokak stiline uygundur. Retro beyzbol ilham\u0131, koleksiyonluk de\u011fer ve y\u00fcksek konfor arayan sneaker severler i\u00e7in ideal se\u00e7im. Unisex tasar\u0131m, tam kal\u0131p uyum. Limitli stoklar i\u00e7in hemen ke\u015ffedin.<\/p>\n","protected":false},"featured_media":549396,"template":"","meta":{"_acf_changed":false},"product_brand":[1928,2087],"product_cat":[101,1582,98,1586,74,1569],"product_tag":[1332],"class_list":{"0":"post-549240","1":"product","2":"type-product","3":"status-publish","4":"has-post-thumbnail","6":"product_brand-nike","7":"product_brand-nike-en","8":"product_cat-others-nike","9":"product_cat-nike-en","10":"product_cat-nike","11":"product_cat-others-nike-en","12":"product_cat-sneakers","13":"product_cat-sneakers-en","14":"product_tag-mavi","16":"first","17":"instock","18":"shipping-taxable","19":"purchasable","20":"product-type-variable"},"acf":[],"_links":{"self":[{"href":"https:\/\/sutore.com\/en\/wp-json\/wp\/v2\/product\/549240","targetHints":{"allow":["GET"]}}],"collection":[{"href":"https:\/\/sutore.com\/en\/wp-json\/wp\/v2\/product"}],"about":[{"href":"https:\/\/sutore.com\/en\/wp-json\/wp\/v2\/types\/product"}],"wp:featuredmedia":[{"embeddable":true,"href":"https:\/\/sutore.com\/en\/wp-json\/wp\/v2\/media\/549396"}],"wp:attachment":[{"href":"https:\/\/sutore.com\/en\/wp-json\/wp\/v2\/media?parent=549240"}],"wp:term":[{"taxonomy":"product_brand","embeddable":true,"href":"https:\/\/sutore.com\/en\/wp-json\/wp\/v2\/product_brand?post=549240"},{"taxonomy":"product_cat","embeddable":true,"href":"https:\/\/sutore.com\/en\/wp-json\/wp\/v2\/product_cat?post=549240"},{"taxonomy":"product_tag","embeddable":true,"href":"https:\/\/sutore.com\/en\/wp-json\/wp\/v2\/product_tag?post=549240"}],"curies":[{"name":"wp","href":"https:\/\/api.w.org\/{rel}","templated":true}]}}