{"id":549252,"date":"2025-12-11T03:17:49","date_gmt":"2025-12-11T00:17:49","guid":{"rendered":"https:\/\/sutore.com\/?post_type=product&#038;p=549252"},"modified":"2026-04-03T16:45:10","modified_gmt":"2026-04-03T13:45:10","slug":"supreme-number-nine-faux-shearling-hooded-coat-black","status":"publish","type":"product","link":"https:\/\/sutore.com\/en\/product\/supreme-number-nine-faux-shearling-hooded-coat-black\/","title":{"rendered":"Supreme Number (N)ine Faux Shearling Hooded Coat Black"},"content":{"rendered":"<p style=\"text-align: center;\">Supreme Number (N)ine Faux Shearling Hooded Coat Black, sokak stilini k\u0131\u015f konforuyla bulu\u015fturan \u015f\u0131k bir kap\u00fc\u015fonlu kaban. Yumu\u015fak faux shearling dokusu s\u0131cakl\u0131k ve rahatl\u0131k sunarken, derin siyah tonu gard\u0131robunuza premium bir dokunu\u015f katar. G\u00fcnl\u00fck \u015fehir kombinlerinden gece stiline kadar \u00e7ok y\u00f6nl\u00fc kullan\u0131m sa\u011flar. Minimal detaylar ve modern siluet zamans\u0131z bir g\u00f6r\u00fcn\u00fcm yarat\u0131r. \u0130konik streetwear DNA\u2019s\u0131n\u0131 \u015f\u0131k bir tasar\u0131mla bir araya getiren bu par\u00e7a, so\u011fuk g\u00fcnlerde tarz\u0131n\u0131z\u0131 y\u00fckseltmek i\u00e7in ideal. Streetwear, siyah kaban, kap\u00fc\u015fonlu mont arayanlar i\u00e7in g\u00fc\u00e7l\u00fc bir se\u00e7im.<\/p>\n","protected":false},"excerpt":{"rendered":"<p style=\"text-align: center;\">Supreme Number (N)ine Faux Shearling Hooded Coat Black, sokak stilini k\u0131\u015f konforuyla bulu\u015fturan \u015f\u0131k bir kap\u00fc\u015fonlu kaban. Yumu\u015fak faux shearling dokusu s\u0131cakl\u0131k ve rahatl\u0131k sunarken, derin siyah tonu gard\u0131robunuza premium bir dokunu\u015f katar. G\u00fcnl\u00fck \u015fehir kombinlerinden gece stiline kadar \u00e7ok y\u00f6nl\u00fc kullan\u0131m sa\u011flar. Minimal detaylar ve modern siluet zamans\u0131z bir g\u00f6r\u00fcn\u00fcm yarat\u0131r. \u0130konik streetwear DNA\u2019s\u0131n\u0131 \u015f\u0131k bir tasar\u0131mla bir araya getiren bu par\u00e7a, so\u011fuk g\u00fcnlerde tarz\u0131n\u0131z\u0131 y\u00fckseltmek i\u00e7in ideal. Streetwear, siyah kaban, kap\u00fc\u015fonlu mont arayanlar i\u00e7in g\u00fc\u00e7l\u00fc bir se\u00e7im.<\/p>\n","protected":false},"featured_media":549362,"template":"","meta":{"_acf_changed":false},"product_brand":[1942,1986],"product_cat":[1564,2154,714,2178],"product_tag":[1327],"class_list":{"0":"post-549252","1":"product","2":"type-product","3":"status-publish","4":"has-post-thumbnail","6":"product_brand-supreme","7":"product_brand-supreme-en","8":"product_cat-apparels-en","9":"product_cat-outerwear","10":"product_cat-apparels","11":"product_cat-outerwear-en","12":"product_tag-siyah","14":"first","15":"outofstock","16":"shipping-taxable","17":"product-type-variable"},"acf":[],"_links":{"self":[{"href":"https:\/\/sutore.com\/en\/wp-json\/wp\/v2\/product\/549252","targetHints":{"allow":["GET"]}}],"collection":[{"href":"https:\/\/sutore.com\/en\/wp-json\/wp\/v2\/product"}],"about":[{"href":"https:\/\/sutore.com\/en\/wp-json\/wp\/v2\/types\/product"}],"wp:featuredmedia":[{"embeddable":true,"href":"https:\/\/sutore.com\/en\/wp-json\/wp\/v2\/media\/549362"}],"wp:attachment":[{"href":"https:\/\/sutore.com\/en\/wp-json\/wp\/v2\/media?parent=549252"}],"wp:term":[{"taxonomy":"product_brand","embeddable":true,"href":"https:\/\/sutore.com\/en\/wp-json\/wp\/v2\/product_brand?post=549252"},{"taxonomy":"product_cat","embeddable":true,"href":"https:\/\/sutore.com\/en\/wp-json\/wp\/v2\/product_cat?post=549252"},{"taxonomy":"product_tag","embeddable":true,"href":"https:\/\/sutore.com\/en\/wp-json\/wp\/v2\/product_tag?post=549252"}],"curies":[{"name":"wp","href":"https:\/\/api.w.org\/{rel}","templated":true}]}}