{"id":562302,"date":"2025-07-18T03:34:55","date_gmt":"2025-07-18T00:34:55","guid":{"rendered":"https:\/\/sutore.com\/?post_type=product&#038;p=562302"},"modified":"2026-03-22T16:23:08","modified_gmt":"2026-03-22T13:23:08","slug":"perfumer-h-dandelion-candle-325g","status":"publish","type":"product","link":"https:\/\/sutore.com\/en\/product\/perfumer-h-dandelion-candle-325g\/","title":{"rendered":"Perfumer H Dandelion Candle 325g"},"content":{"rendered":"<p style=\"text-align: center;\">Perfumer H Dandelion Candle, ferah ve \u00e7i\u00e7eksi **Karahindiba** notalar\u0131yla temiz bir bahar esintisi yarat\u0131r ve narenciye ile hafif ye\u015fil tonlar\u0131n birle\u015fimiyle mekan\u0131n\u0131za enerjik bir koku sunar. Beyaz \u00e7i\u00e7ek, misk ve odunsu alt notalar\u0131n dengesi sayesinde hem dinlendirici hem sofistike bir atmosfer sa\u011flar. El d\u00f6k\u00fcm balmumu ve do\u011fal fitil ile uzun yanma s\u00fcresi sunan bu premium mum, oturma odas\u0131, yatak odas\u0131 veya \u00e7al\u0131\u015fma alanlar\u0131 i\u00e7in ideal ve zarif bir ev kokusu aksesuar\u0131d\u0131r.<\/p>\n","protected":false},"excerpt":{"rendered":"<p style=\"text-align: center;\">Perfumer H Dandelion Candle, ferah ve \u00e7i\u00e7eksi **Karahindiba** notalar\u0131yla temiz bir bahar esintisi yarat\u0131r ve narenciye ile hafif ye\u015fil tonlar\u0131n birle\u015fimiyle mekan\u0131n\u0131za enerjik bir koku sunar. Beyaz \u00e7i\u00e7ek, misk ve odunsu alt notalar\u0131n dengesi sayesinde hem dinlendirici hem sofistike bir atmosfer sa\u011flar. El d\u00f6k\u00fcm balmumu ve do\u011fal fitil ile uzun yanma s\u00fcresi sunan bu premium mum, oturma odas\u0131, yatak odas\u0131 veya \u00e7al\u0131\u015fma alanlar\u0131 i\u00e7in ideal ve zarif bir ev kokusu aksesuar\u0131d\u0131r.<\/p>\n","protected":false},"featured_media":564107,"template":"","meta":{"_acf_changed":false},"product_brand":[2453,2458],"product_cat":[1561,362,2137,2165],"product_tag":[],"class_list":{"0":"post-562302","1":"product","2":"type-product","3":"status-publish","4":"has-post-thumbnail","6":"product_brand-perfumer-h","7":"product_brand-perfumer-h-en","8":"product_cat-accessories-en","9":"product_cat-accessories","10":"product_cat-others-accessories","11":"product_cat-others-accessories-en","13":"first","14":"instock","15":"shipping-taxable","16":"purchasable","17":"product-type-variable"},"acf":[],"_links":{"self":[{"href":"https:\/\/sutore.com\/en\/wp-json\/wp\/v2\/product\/562302","targetHints":{"allow":["GET"]}}],"collection":[{"href":"https:\/\/sutore.com\/en\/wp-json\/wp\/v2\/product"}],"about":[{"href":"https:\/\/sutore.com\/en\/wp-json\/wp\/v2\/types\/product"}],"wp:featuredmedia":[{"embeddable":true,"href":"https:\/\/sutore.com\/en\/wp-json\/wp\/v2\/media\/564107"}],"wp:attachment":[{"href":"https:\/\/sutore.com\/en\/wp-json\/wp\/v2\/media?parent=562302"}],"wp:term":[{"taxonomy":"product_brand","embeddable":true,"href":"https:\/\/sutore.com\/en\/wp-json\/wp\/v2\/product_brand?post=562302"},{"taxonomy":"product_cat","embeddable":true,"href":"https:\/\/sutore.com\/en\/wp-json\/wp\/v2\/product_cat?post=562302"},{"taxonomy":"product_tag","embeddable":true,"href":"https:\/\/sutore.com\/en\/wp-json\/wp\/v2\/product_tag?post=562302"}],"curies":[{"name":"wp","href":"https:\/\/api.w.org\/{rel}","templated":true}]}}