{"id":563357,"date":"2025-12-18T11:07:40","date_gmt":"2025-12-18T08:07:40","guid":{"rendered":"https:\/\/sutore.com\/?post_type=product&#038;p=563357"},"modified":"2026-04-03T16:45:11","modified_gmt":"2026-04-03T13:45:11","slug":"supreme-dash-snow-hooded-work-jacket-multicolor","status":"publish","type":"product","link":"https:\/\/sutore.com\/en\/product\/supreme-dash-snow-hooded-work-jacket-multicolor\/","title":{"rendered":"Supreme Dash Snow Hooded Work Jacket Multicolor"},"content":{"rendered":"<p style=\"text-align: center;\">Supreme Dash Snow Hooded Work Jacket Multicolor, sokak modas\u0131 ve i\u015flevi bulu\u015fturan kap\u00fc\u015fonlu i\u015f ceketi. \u00c7ok renkli tasar\u0131m\u0131, sa\u011flam kuma\u015f yap\u0131s\u0131 ve rahat kesimiyle \u015fehirde ve so\u011fuk havada konfor sunar. Kap\u00fc\u015fon ve kullan\u0131\u015fl\u0131 cepler g\u00fcnl\u00fck kullan\u0131mda pratiklik sa\u011flar. Supreme esteti\u011fiyle \u00f6ne \u00e7\u0131kan bu unisex ceket, k\u0131\u015f stilinizi tamamlar.<\/p>\n","protected":false},"excerpt":{"rendered":"<p style=\"text-align: center;\">Supreme Dash Snow Hooded Work Jacket Multicolor, sokak modas\u0131 ve i\u015flevi bulu\u015fturan kap\u00fc\u015fonlu i\u015f ceketi. \u00c7ok renkli tasar\u0131m\u0131, sa\u011flam kuma\u015f yap\u0131s\u0131 ve rahat kesimiyle \u015fehirde ve so\u011fuk havada konfor sunar. Kap\u00fc\u015fon ve kullan\u0131\u015fl\u0131 cepler g\u00fcnl\u00fck kullan\u0131mda pratiklik sa\u011flar. Supreme esteti\u011fiyle \u00f6ne \u00e7\u0131kan bu unisex ceket, k\u0131\u015f stilinizi tamamlar.<\/p>\n","protected":false},"featured_media":563419,"template":"","meta":{"_acf_changed":false},"product_brand":[1942,1986],"product_cat":[1564,2154,714,2178],"product_tag":[1336],"class_list":{"0":"post-563357","1":"product","2":"type-product","3":"status-publish","4":"has-post-thumbnail","6":"product_brand-supreme","7":"product_brand-supreme-en","8":"product_cat-apparels-en","9":"product_cat-outerwear","10":"product_cat-apparels","11":"product_cat-outerwear-en","12":"product_tag-cok-renk","14":"first","15":"outofstock","16":"shipping-taxable","17":"product-type-variable"},"acf":[],"_links":{"self":[{"href":"https:\/\/sutore.com\/en\/wp-json\/wp\/v2\/product\/563357","targetHints":{"allow":["GET"]}}],"collection":[{"href":"https:\/\/sutore.com\/en\/wp-json\/wp\/v2\/product"}],"about":[{"href":"https:\/\/sutore.com\/en\/wp-json\/wp\/v2\/types\/product"}],"wp:featuredmedia":[{"embeddable":true,"href":"https:\/\/sutore.com\/en\/wp-json\/wp\/v2\/media\/563419"}],"wp:attachment":[{"href":"https:\/\/sutore.com\/en\/wp-json\/wp\/v2\/media?parent=563357"}],"wp:term":[{"taxonomy":"product_brand","embeddable":true,"href":"https:\/\/sutore.com\/en\/wp-json\/wp\/v2\/product_brand?post=563357"},{"taxonomy":"product_cat","embeddable":true,"href":"https:\/\/sutore.com\/en\/wp-json\/wp\/v2\/product_cat?post=563357"},{"taxonomy":"product_tag","embeddable":true,"href":"https:\/\/sutore.com\/en\/wp-json\/wp\/v2\/product_tag?post=563357"}],"curies":[{"name":"wp","href":"https:\/\/api.w.org\/{rel}","templated":true}]}}