{"id":563366,"date":"2025-12-21T11:08:27","date_gmt":"2025-12-21T08:08:27","guid":{"rendered":"https:\/\/sutore.com\/?post_type=product&#038;p=563366"},"modified":"2026-04-04T04:37:45","modified_gmt":"2026-04-04T01:37:45","slug":"bape-1st-shark-full-zip-hoodie-black","status":"publish","type":"product","link":"https:\/\/sutore.com\/en\/product\/bape-1st-shark-full-zip-hoodie-black\/","title":{"rendered":"BAPE 1st Shark Full Zip Hoodie Black"},"content":{"rendered":"<p style=\"text-align: center;\">Ikonik BAPE 1st Shark Full Zip Hoodie Black, A Bathing Ape\u2019in efsanevi k\u00f6pekbal\u0131\u011f\u0131 kap\u00fc\u015fonunu tam fermuarl\u0131 sil\u00fcetle bulu\u015fturur. Yumu\u015fak pamuklu kuma\u015f, ribanal\u0131 man\u015fet ve etek ucu ile kanguru cep konfor sunar; siyah renk her kombine uyum sa\u011flar. Kap\u00fc\u015fondaki karakteristik grafik ve markalama g\u00fc\u00e7l\u00fc bir streetwear duru\u015fu verir. G\u00fcnl\u00fck kullan\u0131m ve katmanl\u0131 g\u00f6r\u00fcn\u00fcmler i\u00e7in ideal unisex tasar\u0131m\u0131yla gard\u0131robunuza premium, zamans\u0131z ve dikkat \u00e7ekici bir BAPE par\u00e7as\u0131 ekleyin.<\/p>\n","protected":false},"excerpt":{"rendered":"<p style=\"text-align: center;\">Ikonik BAPE 1st Shark Full Zip Hoodie Black, A Bathing Ape\u2019in efsanevi k\u00f6pekbal\u0131\u011f\u0131 kap\u00fc\u015fonunu tam fermuarl\u0131 sil\u00fcetle bulu\u015fturur. Yumu\u015fak pamuklu kuma\u015f, ribanal\u0131 man\u015fet ve etek ucu ile kanguru cep konfor sunar; siyah renk her kombine uyum sa\u011flar. Kap\u00fc\u015fondaki karakteristik grafik ve markalama g\u00fc\u00e7l\u00fc bir streetwear duru\u015fu verir. G\u00fcnl\u00fck kullan\u0131m ve katmanl\u0131 g\u00f6r\u00fcn\u00fcmler i\u00e7in ideal unisex tasar\u0131m\u0131yla gard\u0131robunuza premium, zamans\u0131z ve dikkat \u00e7ekici bir BAPE par\u00e7as\u0131 ekleyin.<\/p>\n","protected":false},"featured_media":563386,"template":"","meta":{"_acf_changed":false},"product_brand":[2043,1908],"product_cat":[1564,2154,714,2178],"product_tag":[1327],"class_list":{"0":"post-563366","1":"product","2":"type-product","3":"status-publish","4":"has-post-thumbnail","6":"product_brand-bape-en","7":"product_brand-bape","8":"product_cat-apparels-en","9":"product_cat-outerwear","10":"product_cat-apparels","11":"product_cat-outerwear-en","12":"product_tag-siyah","14":"first","15":"outofstock","16":"shipping-taxable","17":"purchasable","18":"product-type-variable"},"acf":[],"_links":{"self":[{"href":"https:\/\/sutore.com\/en\/wp-json\/wp\/v2\/product\/563366","targetHints":{"allow":["GET"]}}],"collection":[{"href":"https:\/\/sutore.com\/en\/wp-json\/wp\/v2\/product"}],"about":[{"href":"https:\/\/sutore.com\/en\/wp-json\/wp\/v2\/types\/product"}],"wp:featuredmedia":[{"embeddable":true,"href":"https:\/\/sutore.com\/en\/wp-json\/wp\/v2\/media\/563386"}],"wp:attachment":[{"href":"https:\/\/sutore.com\/en\/wp-json\/wp\/v2\/media?parent=563366"}],"wp:term":[{"taxonomy":"product_brand","embeddable":true,"href":"https:\/\/sutore.com\/en\/wp-json\/wp\/v2\/product_brand?post=563366"},{"taxonomy":"product_cat","embeddable":true,"href":"https:\/\/sutore.com\/en\/wp-json\/wp\/v2\/product_cat?post=563366"},{"taxonomy":"product_tag","embeddable":true,"href":"https:\/\/sutore.com\/en\/wp-json\/wp\/v2\/product_tag?post=563366"}],"curies":[{"name":"wp","href":"https:\/\/api.w.org\/{rel}","templated":true}]}}