{"id":564390,"date":"2025-12-25T01:46:36","date_gmt":"2025-12-24T22:46:36","guid":{"rendered":"https:\/\/sutore.com\/?post_type=product&#038;p=564390"},"modified":"2026-04-02T11:43:51","modified_gmt":"2026-04-02T08:43:51","slug":"pop-mart-skullpanda-x-my-melody-plush","status":"publish","type":"product","link":"https:\/\/sutore.com\/en\/product\/pop-mart-skullpanda-x-my-melody-plush\/","title":{"rendered":"Pop Mart Skullpanda x My Melody Plush"},"content":{"rendered":"<p style=\"text-align: center\">Pop Mart Skullpanda x My Melody Plush, koleksiyon tutkunlar\u0131 i\u00e7in sevimli bir bulu\u015fma sunuyor. Yumu\u015fak dokusu ve \u00f6zg\u00fcn tasar\u0131m\u0131yla \u00f6ne \u00e7\u0131kan bu oyuncak, hem Skullpanda&#8217;n\u0131n gizemli \u00e7ekicili\u011fini hem de My Melody&#8217;nin tatl\u0131 esteti\u011fini bir araya getiriyor. Ev dekorasyonuna renk katarken, \u00e7ocuklar ve yeti\u015fkinler i\u00e7in e\u015fsiz bir hediye se\u00e7ene\u011fi oluyor. Dayan\u0131kl\u0131 ve kaliteli malzemelerden \u00fcretilen bu pel\u00fc\u015f, uzun s\u00fcreli kullan\u0131m sa\u011fl\u0131yor. Pop Mart&#8217;\u0131n e\u015fsiz koleksiyonunun bir par\u00e7as\u0131 olarak, hayranlar i\u00e7in m\u00fckemmel bir tamamlay\u0131c\u0131 oluyor. Koleksiyonunuza farkl\u0131 bir boyut katmak i\u00e7in ideal bir se\u00e7im.<\/p>\n","protected":false},"excerpt":{"rendered":"<p style=\"text-align: center\">Pop Mart Skullpanda x My Melody Plush, koleksiyon tutkunlar\u0131 i\u00e7in sevimli bir bulu\u015fma sunuyor. Yumu\u015fak dokusu ve \u00f6zg\u00fcn tasar\u0131m\u0131yla \u00f6ne \u00e7\u0131kan bu oyuncak, hem Skullpanda&#8217;n\u0131n gizemli \u00e7ekicili\u011fini hem de My Melody&#8217;nin tatl\u0131 esteti\u011fini bir araya getiriyor. Ev dekorasyonuna renk katarken, \u00e7ocuklar ve yeti\u015fkinler i\u00e7in e\u015fsiz bir hediye se\u00e7ene\u011fi oluyor. Dayan\u0131kl\u0131 ve kaliteli malzemelerden \u00fcretilen bu pel\u00fc\u015f, uzun s\u00fcreli kullan\u0131m sa\u011fl\u0131yor. Pop Mart&#8217;\u0131n e\u015fsiz koleksiyonunun bir par\u00e7as\u0131 olarak, hayranlar i\u00e7in m\u00fckemmel bir tamamlay\u0131c\u0131 oluyor. Koleksiyonunuza farkl\u0131 bir boyut katmak i\u00e7in ideal bir se\u00e7im.<\/p>\n","protected":false},"featured_media":564394,"template":"","meta":{"_acf_changed":false},"product_brand":[1909,2097],"product_cat":[1561,362,2169,2135],"product_tag":[],"class_list":{"0":"post-564390","1":"product","2":"type-product","3":"status-publish","4":"has-post-thumbnail","6":"product_brand-pop-mart","7":"product_brand-pop-mart-en","8":"product_cat-accessories-en","9":"product_cat-accessories","10":"product_cat-collectibles-en","11":"product_cat-collectibles","13":"first","14":"instock","15":"shipping-taxable","16":"purchasable","17":"product-type-variable"},"acf":[],"_links":{"self":[{"href":"https:\/\/sutore.com\/en\/wp-json\/wp\/v2\/product\/564390","targetHints":{"allow":["GET"]}}],"collection":[{"href":"https:\/\/sutore.com\/en\/wp-json\/wp\/v2\/product"}],"about":[{"href":"https:\/\/sutore.com\/en\/wp-json\/wp\/v2\/types\/product"}],"wp:featuredmedia":[{"embeddable":true,"href":"https:\/\/sutore.com\/en\/wp-json\/wp\/v2\/media\/564394"}],"wp:attachment":[{"href":"https:\/\/sutore.com\/en\/wp-json\/wp\/v2\/media?parent=564390"}],"wp:term":[{"taxonomy":"product_brand","embeddable":true,"href":"https:\/\/sutore.com\/en\/wp-json\/wp\/v2\/product_brand?post=564390"},{"taxonomy":"product_cat","embeddable":true,"href":"https:\/\/sutore.com\/en\/wp-json\/wp\/v2\/product_cat?post=564390"},{"taxonomy":"product_tag","embeddable":true,"href":"https:\/\/sutore.com\/en\/wp-json\/wp\/v2\/product_tag?post=564390"}],"curies":[{"name":"wp","href":"https:\/\/api.w.org\/{rel}","templated":true}]}}