{"id":56528,"date":"2019-07-27T17:40:18","date_gmt":"2019-07-27T14:40:18","guid":{"rendered":"https:\/\/sutore.com\/?post_type=product&#038;p=56528"},"modified":"2026-03-27T17:37:48","modified_gmt":"2026-03-27T14:37:48","slug":"nike-air-jordan-3-retro-tinker-black-cement-gold","status":"publish","type":"product","link":"https:\/\/sutore.com\/en\/product\/nike-air-jordan-3-retro-tinker-black-cement-gold\/","title":{"rendered":"Nike Air Jordan 3 Retro Tinker Black Cement Gold"},"content":{"rendered":"<p style=\"text-align: center;\">Jordan Ailesi, \u015fimdi sutore&#8217;de bulunan Nike Air Jordan 3 Retro Fire Red Cement (Nike Chi) ile Windy City&#8217;e sayg\u0131s\u0131n\u0131 sunuyor. Bu ayakkab\u0131lar Nike&#8217;\u0131n NBA All-Star 2020 koleksiyonunun bir par\u00e7as\u0131 olarak piyasaya s\u00fcr\u00fcld\u00fc. Air Jordan 3 SE Unite Fire Red ile neredeyse ayn\u0131 olan bu model, topuktaki &#8220;Nike Air&#8221; yaz\u0131s\u0131n\u0131 &#8220;Nike Chi&#8221; ike de\u011fi\u015ftirerek a\u00e7\u0131k\u00e7a fark\u0131n\u0131 ortaya koyuyor.<\/p>\n<p style=\"text-align: center;\">Bu Jordan 3, imza Elephant kaplamalar\u0131yla birlikte ate\u015f k\u0131rm\u0131z\u0131s\u0131 bir deri \u00fcst i\u00e7eriyor. Delikli gri deri ve k\u0131rm\u0131z\u0131 Jumpman logolu p\u00fcr\u00fczs\u00fcz dil tasar\u0131m\u0131 tamaml\u0131yor. \u015eubat 2020&#8217;de piyasaya s\u00fcr\u00fclen bu model 200 dolar fiyat etiketiyle vitrinlerdeki yerini ald\u0131. Bu benzerli par\u00e7ay\u0131 stoklar t\u00fckenmeden hemen sat\u0131n al.<\/p>\n<p style=\"text-align: center;\">\u00dcr\u00fcn hakk\u0131nda daha fazla bilgi almak ve \u00fcr\u00fcn\u00fcn g\u00fcncel global piyasa de\u011ferini takip etmek i\u00e7in <a href=\"https:\/\/stockx.com\/air-jordan-3-retro-tinker-black-cement-gold\" target=\"_blank\" rel=\"noopener noreferrer\">StockX<\/a> adresini ziyaret edebilirsiniz.<\/p>\n","protected":false},"excerpt":{"rendered":"<p style=\"text-align: center;\">Jordan Ailesi, \u015fimdi sutore&#8217;de bulunan Nike Air Jordan 3 Retro Fire Red Cement (Nike Chi) ile Windy City&#8217;e sayg\u0131s\u0131n\u0131 sunuyor. Bu ayakkab\u0131lar Nike&#8217;\u0131n NBA All-Star 2020 koleksiyonunun bir par\u00e7as\u0131 olarak piyasaya s\u00fcr\u00fcld\u00fc. Air Jordan 3 SE Unite Fire Red ile neredeyse ayn\u0131 olan bu model, topuktaki &#8220;Nike Air&#8221; yaz\u0131s\u0131n\u0131 &#8220;Nike Chi&#8221; ike de\u011fi\u015ftirerek a\u00e7\u0131k\u00e7a fark\u0131n\u0131 ortaya koyuyor.<\/p>\n<p>&nbsp;<\/p>\n<p style=\"text-align: center;\">Bu Jordan 3, imza Elephant kaplamalar\u0131yla birlikte ate\u015f k\u0131rm\u0131z\u0131s\u0131 bir deri \u00fcst i\u00e7eriyor. Delikli gri deri ve k\u0131rm\u0131z\u0131 Jumpman logolu p\u00fcr\u00fczs\u00fcz dil tasar\u0131m\u0131 tamaml\u0131yor. \u015eubat 2020&#8217;de piyasaya s\u00fcr\u00fclen bu model 200 dolar fiyat etiketiyle vitrinlerdeki yerini ald\u0131. Bu benzerli par\u00e7ay\u0131 stoklar t\u00fckenmeden hemen sat\u0131n al.<\/p>\n<p>&nbsp;<\/p>\n<p style=\"text-align: center;\">\u00dcr\u00fcn hakk\u0131nda daha fazla bilgi almak ve \u00fcr\u00fcn\u00fcn g\u00fcncel global piyasa de\u011ferini takip etmek i\u00e7in <a href=\"https:\/\/stockx.com\/air-jordan-3-retro-tinker-black-cement-gold\" target=\"_blank\" rel=\"noopener noreferrer\">StockX<\/a> adresini ziyaret edebilirsiniz.<\/p>\n","protected":false},"featured_media":56532,"template":"","meta":{"_acf_changed":false},"product_brand":[2041,2019,1928,2087],"product_cat":[74,1577,96,946,1581,1569],"product_tag":[1327],"class_list":{"0":"post-56528","1":"product","2":"type-product","3":"status-publish","4":"has-post-thumbnail","6":"product_brand-air-jordan-en","7":"product_brand-air-jordan","8":"product_brand-nike","9":"product_brand-nike-en","10":"product_cat-sneakers","11":"product_cat-air-jordan-en","12":"product_cat-air-jordan","13":"product_cat-others-air-jordan","14":"product_cat-others-air-jordan-en","15":"product_cat-sneakers-en","16":"product_tag-siyah","18":"first","19":"instock","20":"shipping-taxable","21":"purchasable","22":"product-type-variable"},"acf":[],"_links":{"self":[{"href":"https:\/\/sutore.com\/en\/wp-json\/wp\/v2\/product\/56528","targetHints":{"allow":["GET"]}}],"collection":[{"href":"https:\/\/sutore.com\/en\/wp-json\/wp\/v2\/product"}],"about":[{"href":"https:\/\/sutore.com\/en\/wp-json\/wp\/v2\/types\/product"}],"wp:featuredmedia":[{"embeddable":true,"href":"https:\/\/sutore.com\/en\/wp-json\/wp\/v2\/media\/56532"}],"wp:attachment":[{"href":"https:\/\/sutore.com\/en\/wp-json\/wp\/v2\/media?parent=56528"}],"wp:term":[{"taxonomy":"product_brand","embeddable":true,"href":"https:\/\/sutore.com\/en\/wp-json\/wp\/v2\/product_brand?post=56528"},{"taxonomy":"product_cat","embeddable":true,"href":"https:\/\/sutore.com\/en\/wp-json\/wp\/v2\/product_cat?post=56528"},{"taxonomy":"product_tag","embeddable":true,"href":"https:\/\/sutore.com\/en\/wp-json\/wp\/v2\/product_tag?post=56528"}],"curies":[{"name":"wp","href":"https:\/\/api.w.org\/{rel}","templated":true}]}}