{"id":568653,"date":"2026-01-02T11:42:21","date_gmt":"2026-01-02T08:42:21","guid":{"rendered":"https:\/\/sutore.com\/?post_type=product&#038;p=568653"},"modified":"2026-04-04T04:39:56","modified_gmt":"2026-04-04T01:39:56","slug":"nike-vomero-plus-doernbecher-molly-bell-womens","status":"publish","type":"product","link":"https:\/\/sutore.com\/en\/product\/nike-vomero-plus-doernbecher-molly-bell-womens\/","title":{"rendered":"Nike Vomero Plus Doernbecher Molly Bell (W)"},"content":{"rendered":"<p style=\"text-align: center;\">Nike Vomero Plus Doernbecher Molly Bell (W), Doernbecher Freestyle program\u0131n\u0131n ilham verici hik\u00e2yesini Vomero konforuyla bulu\u015fturan \u00f6zel bir kad\u0131n sneaker modelidir. Yumu\u015fak yast\u0131klama ve destekleyici yap\u0131, g\u00fcnl\u00fck kullan\u0131mda uzun s\u00fcreli rahatl\u0131k sa\u011flar; hafif \u00fcst y\u00fczey ve dengeli taban tasar\u0131m\u0131 \u015fehir temposuna uyum sunar. Molly Bell dokunu\u015flar\u0131yla \u00f6ne \u00e7\u0131kan bu limitli \u00fcretim Nike Doernbecher ayakkab\u0131, koleksiyon de\u011feri arayan sneaker tutkunlar\u0131 i\u00e7in g\u00fc\u00e7l\u00fc bir se\u00e7enektir. Nike Vomero Plus, stil ve performans\u0131 tek siluette birle\u015ftirir.<\/p>\n","protected":false},"excerpt":{"rendered":"<p style=\"text-align: center;\">Nike Vomero Plus Doernbecher Molly Bell (W), Doernbecher Freestyle program\u0131n\u0131n ilham verici hik\u00e2yesini Vomero konforuyla bulu\u015fturan \u00f6zel bir kad\u0131n sneaker modelidir. Yumu\u015fak yast\u0131klama ve destekleyici yap\u0131, g\u00fcnl\u00fck kullan\u0131mda uzun s\u00fcreli rahatl\u0131k sa\u011flar; hafif \u00fcst y\u00fczey ve dengeli taban tasar\u0131m\u0131 \u015fehir temposuna uyum sunar. Molly Bell dokunu\u015flar\u0131yla \u00f6ne \u00e7\u0131kan bu limitli \u00fcretim Nike Doernbecher ayakkab\u0131, koleksiyon de\u011feri arayan sneaker tutkunlar\u0131 i\u00e7in g\u00fc\u00e7l\u00fc bir se\u00e7enektir. Nike Vomero Plus, stil ve performans\u0131 tek siluette birle\u015ftirir.<\/p>\n","protected":false},"featured_media":568704,"template":"","meta":{"_acf_changed":false},"product_brand":[2087,1928],"product_cat":[101,1582,98,1586,74,1569],"product_tag":[1331],"class_list":{"0":"post-568653","1":"product","2":"type-product","3":"status-publish","4":"has-post-thumbnail","6":"product_brand-nike-en","7":"product_brand-nike","8":"product_cat-others-nike","9":"product_cat-nike-en","10":"product_cat-nike","11":"product_cat-others-nike-en","12":"product_cat-sneakers","13":"product_cat-sneakers-en","14":"product_tag-yesil","16":"first","17":"instock","18":"shipping-taxable","19":"purchasable","20":"product-type-variable"},"acf":[],"_links":{"self":[{"href":"https:\/\/sutore.com\/en\/wp-json\/wp\/v2\/product\/568653","targetHints":{"allow":["GET"]}}],"collection":[{"href":"https:\/\/sutore.com\/en\/wp-json\/wp\/v2\/product"}],"about":[{"href":"https:\/\/sutore.com\/en\/wp-json\/wp\/v2\/types\/product"}],"wp:featuredmedia":[{"embeddable":true,"href":"https:\/\/sutore.com\/en\/wp-json\/wp\/v2\/media\/568704"}],"wp:attachment":[{"href":"https:\/\/sutore.com\/en\/wp-json\/wp\/v2\/media?parent=568653"}],"wp:term":[{"taxonomy":"product_brand","embeddable":true,"href":"https:\/\/sutore.com\/en\/wp-json\/wp\/v2\/product_brand?post=568653"},{"taxonomy":"product_cat","embeddable":true,"href":"https:\/\/sutore.com\/en\/wp-json\/wp\/v2\/product_cat?post=568653"},{"taxonomy":"product_tag","embeddable":true,"href":"https:\/\/sutore.com\/en\/wp-json\/wp\/v2\/product_tag?post=568653"}],"curies":[{"name":"wp","href":"https:\/\/api.w.org\/{rel}","templated":true}]}}