{"id":570032,"date":"2026-01-01T02:07:54","date_gmt":"2025-12-31T23:07:54","guid":{"rendered":"https:\/\/sutore.com\/?post_type=product&#038;p=570032"},"modified":"2026-04-02T15:59:09","modified_gmt":"2026-04-02T12:59:09","slug":"converse-shai-001-ares-gray","status":"publish","type":"product","link":"https:\/\/sutore.com\/en\/product\/converse-shai-001-ares-gray\/","title":{"rendered":"Converse SHAI 001 Ares Gray"},"content":{"rendered":"<p style=\"text-align: center;\">Converse SHAI 001 Ares Gray, modern sneaker esteti\u011fini g\u00fcnl\u00fck konforla bulu\u015fturan premium bir modeldir. Ares Gray (gri) renk tonu, minimal ve kolay kombinlenen bir g\u00f6r\u00fcn\u00fcm sunarken; dayan\u0131kl\u0131 \u00fcst y\u00fczey yap\u0131s\u0131 ve destekleyici taban tasar\u0131m\u0131 g\u00fcn boyu rahatl\u0131k sa\u011flar. Sokak stiline uyumlu silueti, \u015fehir ya\u015fam\u0131nda, okulda ve hafta sonu kullan\u0131m\u0131nda \u00e7ok y\u00f6nl\u00fc performans verir. Converse SHAI 001 Ares Gray; \u015f\u0131k, sade ve fonksiyonel bir Converse sneaker arayanlar i\u00e7in ideal se\u00e7imdir.<\/p>\n","protected":false},"excerpt":{"rendered":"<p style=\"text-align: center;\">Converse SHAI 001 Ares Gray, modern sneaker esteti\u011fini g\u00fcnl\u00fck konforla bulu\u015fturan premium bir modeldir. Ares Gray (gri) renk tonu, minimal ve kolay kombinlenen bir g\u00f6r\u00fcn\u00fcm sunarken; dayan\u0131kl\u0131 \u00fcst y\u00fczey yap\u0131s\u0131 ve destekleyici taban tasar\u0131m\u0131 g\u00fcn boyu rahatl\u0131k sa\u011flar. Sokak stiline uyumlu silueti, \u015fehir ya\u015fam\u0131nda, okulda ve hafta sonu kullan\u0131m\u0131nda \u00e7ok y\u00f6nl\u00fc performans verir. Converse SHAI 001 Ares Gray; \u015f\u0131k, sade ve fonksiyonel bir Converse sneaker arayanlar i\u00e7in ideal se\u00e7imdir.<\/p>\n","protected":false},"featured_media":570042,"template":"","meta":{"_acf_changed":false},"product_brand":[1902,2055],"product_cat":[2158,2182,74,1569],"product_tag":[1334],"class_list":{"0":"post-570032","1":"product","2":"type-product","3":"status-publish","4":"has-post-thumbnail","6":"product_brand-converse","7":"product_brand-converse-en","8":"product_cat-others","9":"product_cat-others-en","10":"product_cat-sneakers","11":"product_cat-sneakers-en","12":"product_tag-gri","14":"first","15":"instock","16":"shipping-taxable","17":"purchasable","18":"product-type-variable"},"acf":[],"_links":{"self":[{"href":"https:\/\/sutore.com\/en\/wp-json\/wp\/v2\/product\/570032","targetHints":{"allow":["GET"]}}],"collection":[{"href":"https:\/\/sutore.com\/en\/wp-json\/wp\/v2\/product"}],"about":[{"href":"https:\/\/sutore.com\/en\/wp-json\/wp\/v2\/types\/product"}],"wp:featuredmedia":[{"embeddable":true,"href":"https:\/\/sutore.com\/en\/wp-json\/wp\/v2\/media\/570042"}],"wp:attachment":[{"href":"https:\/\/sutore.com\/en\/wp-json\/wp\/v2\/media?parent=570032"}],"wp:term":[{"taxonomy":"product_brand","embeddable":true,"href":"https:\/\/sutore.com\/en\/wp-json\/wp\/v2\/product_brand?post=570032"},{"taxonomy":"product_cat","embeddable":true,"href":"https:\/\/sutore.com\/en\/wp-json\/wp\/v2\/product_cat?post=570032"},{"taxonomy":"product_tag","embeddable":true,"href":"https:\/\/sutore.com\/en\/wp-json\/wp\/v2\/product_tag?post=570032"}],"curies":[{"name":"wp","href":"https:\/\/api.w.org\/{rel}","templated":true}]}}