{"id":575749,"date":"2026-01-22T18:18:31","date_gmt":"2026-01-22T15:18:31","guid":{"rendered":"https:\/\/sutore.com\/?post_type=product&#038;p=575749"},"modified":"2026-03-27T13:12:26","modified_gmt":"2026-03-27T10:12:26","slug":"ugg-tazz-love-26-slipper-sea-salt-rosetta-womens","status":"publish","type":"product","link":"https:\/\/sutore.com\/en\/product\/ugg-tazz-love-26-slipper-sea-salt-rosetta-womens\/","title":{"rendered":"UGG Tazz Love &#8217;26 Slipper Sea Salt Rosetta (W)"},"content":{"rendered":"<p style=\"text-align: center;\">UGG Tazz Love \u201926 Slipper Sea Salt Rosetta (W), modern platform taban\u0131 ve ikonik UGG konforunu birle\u015ftiren kad\u0131n slipper modelidir. Sea Salt Rosetta renk tonu, g\u00fcnl\u00fck kombinlere zarif ve n\u00f6tr bir g\u00f6r\u00fcn\u00fcm kazand\u0131r\u0131r. Yumu\u015fak i\u00e7 astar ayaklar\u0131 s\u0131cak tutarken, dayan\u0131kl\u0131 d\u0131\u015f taban ev i\u00e7inde ve k\u0131sa d\u0131\u015f kullan\u0131mda dengeli tutu\u015f sa\u011flar. Kolay giyilen slip-on tasar\u0131m, pratikli\u011fi art\u0131r\u0131r. UGG Tazz Love \u201926, rahatl\u0131k, stil ve premium malzeme kalitesi arayanlar i\u00e7in ideal bir se\u00e7imdir.<\/p>\n","protected":false},"excerpt":{"rendered":"<p style=\"text-align: center;\">UGG Tazz Love \u201926 Slipper Sea Salt Rosetta (W), modern platform taban\u0131 ve ikonik UGG konforunu birle\u015ftiren kad\u0131n slipper modelidir. Sea Salt Rosetta renk tonu, g\u00fcnl\u00fck kombinlere zarif ve n\u00f6tr bir g\u00f6r\u00fcn\u00fcm kazand\u0131r\u0131r. Yumu\u015fak i\u00e7 astar ayaklar\u0131 s\u0131cak tutarken, dayan\u0131kl\u0131 d\u0131\u015f taban ev i\u00e7inde ve k\u0131sa d\u0131\u015f kullan\u0131mda dengeli tutu\u015f sa\u011flar. Kolay giyilen slip-on tasar\u0131m, pratikli\u011fi art\u0131r\u0131r. UGG Tazz Love \u201926, rahatl\u0131k, stil ve premium malzeme kalitesi arayanlar i\u00e7in ideal bir se\u00e7imdir.<\/p>\n","protected":false},"featured_media":577453,"template":"","meta":{"_acf_changed":false},"product_brand":[1989,2118],"product_cat":[74,1569,2186,2192,1797,1798],"product_tag":[1330],"class_list":{"0":"post-575749","1":"product","2":"type-product","3":"status-publish","4":"has-post-thumbnail","6":"product_brand-ugg","7":"product_brand-ugg-en","8":"product_cat-sneakers","9":"product_cat-sneakers-en","10":"product_cat-tazz","11":"product_cat-tazz-en","12":"product_cat-ugg","13":"product_cat-ugg-en","14":"product_tag-pembe","16":"first","17":"instock","18":"shipping-taxable","19":"purchasable","20":"product-type-variable"},"acf":[],"_links":{"self":[{"href":"https:\/\/sutore.com\/en\/wp-json\/wp\/v2\/product\/575749","targetHints":{"allow":["GET"]}}],"collection":[{"href":"https:\/\/sutore.com\/en\/wp-json\/wp\/v2\/product"}],"about":[{"href":"https:\/\/sutore.com\/en\/wp-json\/wp\/v2\/types\/product"}],"wp:featuredmedia":[{"embeddable":true,"href":"https:\/\/sutore.com\/en\/wp-json\/wp\/v2\/media\/577453"}],"wp:attachment":[{"href":"https:\/\/sutore.com\/en\/wp-json\/wp\/v2\/media?parent=575749"}],"wp:term":[{"taxonomy":"product_brand","embeddable":true,"href":"https:\/\/sutore.com\/en\/wp-json\/wp\/v2\/product_brand?post=575749"},{"taxonomy":"product_cat","embeddable":true,"href":"https:\/\/sutore.com\/en\/wp-json\/wp\/v2\/product_cat?post=575749"},{"taxonomy":"product_tag","embeddable":true,"href":"https:\/\/sutore.com\/en\/wp-json\/wp\/v2\/product_tag?post=575749"}],"curies":[{"name":"wp","href":"https:\/\/api.w.org\/{rel}","templated":true}]}}