{"id":575751,"date":"2026-01-29T18:18:39","date_gmt":"2026-01-29T15:18:39","guid":{"rendered":"https:\/\/sutore.com\/?post_type=product&#038;p=575751"},"modified":"2026-03-21T16:52:01","modified_gmt":"2026-03-21T13:52:01","slug":"ugg-tasman-lace-slipper-black","status":"publish","type":"product","link":"https:\/\/sutore.com\/en\/product\/ugg-tasman-lace-slipper-black\/","title":{"rendered":"UGG Tasman Lace Slipper Black"},"content":{"rendered":"<p style=\"text-align: center;\">UGG Tasman Lace Slipper Black, ikonik Tasman rahatl\u0131\u011f\u0131n\u0131 ba\u011fc\u0131kl\u0131 tasar\u0131mla birle\u015ftiren, g\u00fcnl\u00fck kullan\u0131ma uygun premium bir slipper modelidir. Siyah rengiyle minimal ve zamans\u0131z bir g\u00f6r\u00fcn\u00fcm sunar; evde, ofiste veya k\u0131sa d\u0131\u015far\u0131 \u00e7\u0131k\u0131\u015flarda stilinizi tamamlar. Yumu\u015fak i\u00e7 astar\u0131 s\u0131cakl\u0131k ve konfor sa\u011flarken, dayan\u0131kl\u0131 d\u0131\u015f taban zemin tutu\u015funu destekler. UGG Tasman Lace Slipper Black; modern, konfor odakl\u0131 ve kolay kombinlenen bir unisex terlik arayanlar i\u00e7in ideal se\u00e7imdir.<\/p>\n","protected":false},"excerpt":{"rendered":"<p style=\"text-align: center;\">UGG Tasman Lace Slipper Black, ikonik Tasman rahatl\u0131\u011f\u0131n\u0131 ba\u011fc\u0131kl\u0131 tasar\u0131mla birle\u015ftiren, g\u00fcnl\u00fck kullan\u0131ma uygun premium bir slipper modelidir. Siyah rengiyle minimal ve zamans\u0131z bir g\u00f6r\u00fcn\u00fcm sunar; evde, ofiste veya k\u0131sa d\u0131\u015far\u0131 \u00e7\u0131k\u0131\u015flarda stilinizi tamamlar. Yumu\u015fak i\u00e7 astar\u0131 s\u0131cakl\u0131k ve konfor sa\u011flarken, dayan\u0131kl\u0131 d\u0131\u015f taban zemin tutu\u015funu destekler. UGG Tasman Lace Slipper Black; modern, konfor odakl\u0131 ve kolay kombinlenen bir unisex terlik arayanlar i\u00e7in ideal se\u00e7imdir.<\/p>\n","protected":false},"featured_media":577401,"template":"","meta":{"_acf_changed":false},"product_brand":[1989,2118],"product_cat":[74,1569,2185,2191,1797,1798],"product_tag":[1327],"class_list":{"0":"post-575751","1":"product","2":"type-product","3":"status-publish","4":"has-post-thumbnail","6":"product_brand-ugg","7":"product_brand-ugg-en","8":"product_cat-sneakers","9":"product_cat-sneakers-en","10":"product_cat-tasman","11":"product_cat-tasman-en","12":"product_cat-ugg","13":"product_cat-ugg-en","14":"product_tag-siyah","16":"first","17":"instock","18":"shipping-taxable","19":"purchasable","20":"product-type-variable"},"acf":[],"_links":{"self":[{"href":"https:\/\/sutore.com\/en\/wp-json\/wp\/v2\/product\/575751","targetHints":{"allow":["GET"]}}],"collection":[{"href":"https:\/\/sutore.com\/en\/wp-json\/wp\/v2\/product"}],"about":[{"href":"https:\/\/sutore.com\/en\/wp-json\/wp\/v2\/types\/product"}],"wp:featuredmedia":[{"embeddable":true,"href":"https:\/\/sutore.com\/en\/wp-json\/wp\/v2\/media\/577401"}],"wp:attachment":[{"href":"https:\/\/sutore.com\/en\/wp-json\/wp\/v2\/media?parent=575751"}],"wp:term":[{"taxonomy":"product_brand","embeddable":true,"href":"https:\/\/sutore.com\/en\/wp-json\/wp\/v2\/product_brand?post=575751"},{"taxonomy":"product_cat","embeddable":true,"href":"https:\/\/sutore.com\/en\/wp-json\/wp\/v2\/product_cat?post=575751"},{"taxonomy":"product_tag","embeddable":true,"href":"https:\/\/sutore.com\/en\/wp-json\/wp\/v2\/product_tag?post=575751"}],"curies":[{"name":"wp","href":"https:\/\/api.w.org\/{rel}","templated":true}]}}