{"id":58430,"date":"2017-07-01T13:57:35","date_gmt":"2017-07-01T10:57:35","guid":{"rendered":"https:\/\/sutore.com\/?post_type=product&#038;p=58430"},"modified":"2026-03-21T16:40:02","modified_gmt":"2026-03-21T13:40:02","slug":"nike-dunk-low-pink-gs","status":"publish","type":"product","link":"https:\/\/sutore.com\/en\/product\/nike-dunk-low-pink-gs\/","title":{"rendered":"Nike Dunk Low Pink (GS)"},"content":{"rendered":"<p style=\"text-align: center;\">Nike Ailesi, \u015fimdi sutore&#8217;de bulunan Nike Dunk Low SP White University Red (2020) ile Nike Dunk serisinin 35. y\u0131ld\u00f6n\u00fcm\u00fcn\u00fc kutluyor. Nike Dunk, 1985 Nike College Color program\u0131n\u0131n bir par\u00e7as\u0131 olarak ba\u015flad\u0131 ve 12 pop\u00fcler basketbol program\u0131na kolej renklerinde ayakkab\u0131lar da\u011f\u0131tarak taraftarlar\u0131n en sevdikleri tak\u0131mlar\u0131 tepeden t\u0131rna\u011fa desteklemelerine olanak sa\u011flad\u0131.<\/p>\n<p style=\"text-align: center;\">Bu Dunk Low, University Red kaplamalar\u0131yla Neutral White bir \u00fcst deri i\u00e7eriyor. Neutral White orta taban, University Red d\u0131\u015f taban ve topuktaki Nike amblemi tasar\u0131m\u0131 tamaml\u0131yor. Haziran 2020&#8217;de piyasaya s\u00fcr\u00fclen bu model 100 dolar fiyat etiketiyle vitrinlerdeki yerini ald\u0131. Zamana meydan okuyan bu par\u00e7ay\u0131 stoklar t\u00fckenmeden hemen sat\u0131n al.<\/p>\n<p style=\"text-align: center;\">\u00dcr\u00fcn hakk\u0131nda daha fazla bilgi almak ve \u00fcr\u00fcn\u00fcn g\u00fcncel global piyasa de\u011ferini takip etmek i\u00e7in <a href=\"https:\/\/stockx.com\/nike-dunk-low-pink-gs\" target=\"_blank\" rel=\"noopener noreferrer\">StockX<\/a> adresini ziyaret edebilirsiniz.<\/p>\n","protected":false},"excerpt":{"rendered":"<p style=\"text-align: center;\">\u00dcr\u00fcn hakk\u0131nda daha fazla bilgi almak ve \u00fcr\u00fcn\u00fcn g\u00fcncel global piyasa de\u011ferini takip etmek i\u00e7in <a href=\"https:\/\/stockx.com\/nike-dunk-low-pink-gs\" target=\"_blank\" rel=\"noopener\">StockX<\/a> adresini ziyaret edebilirsiniz.<\/p>\n","protected":false},"featured_media":58432,"template":"","meta":{"_acf_changed":false},"product_brand":[1928,2087],"product_cat":[74,100,1585,98,1582,1569],"product_tag":[1330],"class_list":{"0":"post-58430","1":"product","2":"type-product","3":"status-publish","4":"has-post-thumbnail","6":"product_brand-nike","7":"product_brand-nike-en","8":"product_cat-sneakers","9":"product_cat-dunk","10":"product_cat-dunk-en","11":"product_cat-nike","12":"product_cat-nike-en","13":"product_cat-sneakers-en","14":"product_tag-pembe","16":"first","17":"instock","18":"shipping-taxable","19":"purchasable","20":"product-type-variable"},"acf":[],"_links":{"self":[{"href":"https:\/\/sutore.com\/en\/wp-json\/wp\/v2\/product\/58430","targetHints":{"allow":["GET"]}}],"collection":[{"href":"https:\/\/sutore.com\/en\/wp-json\/wp\/v2\/product"}],"about":[{"href":"https:\/\/sutore.com\/en\/wp-json\/wp\/v2\/types\/product"}],"wp:featuredmedia":[{"embeddable":true,"href":"https:\/\/sutore.com\/en\/wp-json\/wp\/v2\/media\/58432"}],"wp:attachment":[{"href":"https:\/\/sutore.com\/en\/wp-json\/wp\/v2\/media?parent=58430"}],"wp:term":[{"taxonomy":"product_brand","embeddable":true,"href":"https:\/\/sutore.com\/en\/wp-json\/wp\/v2\/product_brand?post=58430"},{"taxonomy":"product_cat","embeddable":true,"href":"https:\/\/sutore.com\/en\/wp-json\/wp\/v2\/product_cat?post=58430"},{"taxonomy":"product_tag","embeddable":true,"href":"https:\/\/sutore.com\/en\/wp-json\/wp\/v2\/product_tag?post=58430"}],"curies":[{"name":"wp","href":"https:\/\/api.w.org\/{rel}","templated":true}]}}