{"id":58433,"date":"2022-03-05T14:04:13","date_gmt":"2022-03-05T11:04:13","guid":{"rendered":"https:\/\/sutore.com\/?post_type=product&#038;p=58433"},"modified":"2026-04-01T04:32:06","modified_gmt":"2026-04-01T01:32:06","slug":"nike-air-jordan-6-retro-unc-white","status":"publish","type":"product","link":"https:\/\/sutore.com\/en\/product\/nike-air-jordan-6-retro-unc-white\/","title":{"rendered":"Nike Air Jordan 6 Retro UNC White"},"content":{"rendered":"<p style=\"text-align: center;\">Jordan Ailesi, \u015fimdi sutore&#8217;de bulunan Nike Air Jordan 5 Retro Top 3 ile serisinin 30. y\u0131l d\u00f6n\u00fcm\u00fcn\u00fc kutluyor. Bu model; Fire Red, Metallic ve Grape tasar\u0131m \u00f6geleriyle \u015fimdiye kadar piyasaya s\u00fcr\u00fclecek en unutulmaz renk gruplar\u0131ndan birini sunuyor.<\/p>\n<p style=\"text-align: center;\">Bu Jordan 5, ate\u015f k\u0131rm\u0131z\u0131 kaplamalar\u0131yla birlikte siyah bir nubuk deri \u00fcst i\u00e7eriyor. \u00dcz\u00fcm ve su rengi dil, klasik yar\u0131 saydam d\u0131\u015f taban tasar\u0131m\u0131 tamaml\u0131yor. Haziran 2020&#8217;de piyasaya s\u00fcr\u00fclen bu model 200 dolar fiyat etiketiyle vitrinlerdeki yerini ald\u0131. Bu benzersiz par\u00e7ay\u0131 stoklar erimeden hemen sat\u0131n al.<\/p>\n<p style=\"text-align: center;\">\u00dcr\u00fcn hakk\u0131nda daha fazla bilgi almak ve \u00fcr\u00fcn\u00fcn g\u00fcncel global piyasa de\u011ferini takip etmek i\u00e7in <a href=\"https:\/\/stockx.com\/air-jordan-6-retro-unc-white\" target=\"_blank\" rel=\"noopener noreferrer\">StockX<\/a> adresini ziyaret edebilirsiniz.<\/p>\n","protected":false},"excerpt":{"rendered":"<p style=\"text-align: center;\">\u00dcr\u00fcn hakk\u0131nda daha fazla bilgi almak ve \u00fcr\u00fcn\u00fcn g\u00fcncel global piyasa de\u011ferini takip etmek i\u00e7in <a href=\"https:\/\/stockx.com\/air-jordan-6-retro-unc-white\" target=\"_blank\" rel=\"noopener noreferrer\">StockX<\/a> adresini ziyaret edebilirsiniz.<\/p>\n","protected":false},"featured_media":58434,"template":"","meta":{"_acf_changed":false},"product_brand":[2041,2019,2087,1928],"product_cat":[74,96,1577,946,1581,1569],"product_tag":[1332],"class_list":{"0":"post-58433","1":"product","2":"type-product","3":"status-publish","4":"has-post-thumbnail","6":"product_brand-air-jordan-en","7":"product_brand-air-jordan","8":"product_brand-nike-en","9":"product_brand-nike","10":"product_cat-sneakers","11":"product_cat-air-jordan","12":"product_cat-air-jordan-en","13":"product_cat-others-air-jordan","14":"product_cat-others-air-jordan-en","15":"product_cat-sneakers-en","16":"product_tag-mavi","18":"first","19":"instock","20":"shipping-taxable","21":"purchasable","22":"product-type-variable"},"acf":[],"_links":{"self":[{"href":"https:\/\/sutore.com\/en\/wp-json\/wp\/v2\/product\/58433","targetHints":{"allow":["GET"]}}],"collection":[{"href":"https:\/\/sutore.com\/en\/wp-json\/wp\/v2\/product"}],"about":[{"href":"https:\/\/sutore.com\/en\/wp-json\/wp\/v2\/types\/product"}],"wp:featuredmedia":[{"embeddable":true,"href":"https:\/\/sutore.com\/en\/wp-json\/wp\/v2\/media\/58434"}],"wp:attachment":[{"href":"https:\/\/sutore.com\/en\/wp-json\/wp\/v2\/media?parent=58433"}],"wp:term":[{"taxonomy":"product_brand","embeddable":true,"href":"https:\/\/sutore.com\/en\/wp-json\/wp\/v2\/product_brand?post=58433"},{"taxonomy":"product_cat","embeddable":true,"href":"https:\/\/sutore.com\/en\/wp-json\/wp\/v2\/product_cat?post=58433"},{"taxonomy":"product_tag","embeddable":true,"href":"https:\/\/sutore.com\/en\/wp-json\/wp\/v2\/product_tag?post=58433"}],"curies":[{"name":"wp","href":"https:\/\/api.w.org\/{rel}","templated":true}]}}