{"id":58439,"date":"2022-03-31T14:12:12","date_gmt":"2022-03-31T11:12:12","guid":{"rendered":"https:\/\/sutore.com\/?post_type=product&#038;p=58439"},"modified":"2026-03-21T01:08:45","modified_gmt":"2026-03-20T22:08:45","slug":"new-balance-530-white-nightwatch-green","status":"publish","type":"product","link":"https:\/\/sutore.com\/en\/product\/new-balance-530-white-nightwatch-green\/","title":{"rendered":"New Balance 530 White Nightwatch Green"},"content":{"rendered":"<p style=\"text-align: center;\">\u00dcr\u00fcn hakk\u0131nda daha fazla bilgi almak ve \u00fcr\u00fcn\u00fcn g\u00fcncel global piyasa de\u011ferini takip etmek i\u00e7in <a href=\"https:\/\/stockx.com\/new-balance-530-white-nightwatch-green\" target=\"_blank\" rel=\"noopener noreferrer\">StockX<\/a> adresini ziyaret edebilirsiniz.<\/p>\n","protected":false},"excerpt":{"rendered":"<p style=\"text-align: center;\">\u00dcr\u00fcn hakk\u0131nda daha fazla bilgi almak ve \u00fcr\u00fcn\u00fcn g\u00fcncel global piyasa de\u011ferini takip etmek i\u00e7in <a href=\"https:\/\/stockx.com\/new-balance-530-white-nightwatch-green\" target=\"_blank\" rel=\"noopener\">StockX<\/a> adresini ziyaret edebilirsiniz.<\/p>\n","protected":false},"featured_media":58441,"template":"","meta":{"_acf_changed":false},"product_brand":[1980,2086],"product_cat":[74,1800,1808,109,1588,1569],"product_tag":[1331],"class_list":{"0":"post-58439","1":"product","2":"type-product","3":"status-publish","4":"has-post-thumbnail","6":"product_brand-new-balance","7":"product_brand-new-balance-en","8":"product_cat-sneakers","9":"product_cat-1800","10":"product_cat-530-en","11":"product_cat-new-balance","12":"product_cat-new-balance-en","13":"product_cat-sneakers-en","14":"product_tag-yesil","16":"first","17":"instock","18":"shipping-taxable","19":"purchasable","20":"product-type-variable"},"acf":[],"_links":{"self":[{"href":"https:\/\/sutore.com\/en\/wp-json\/wp\/v2\/product\/58439","targetHints":{"allow":["GET"]}}],"collection":[{"href":"https:\/\/sutore.com\/en\/wp-json\/wp\/v2\/product"}],"about":[{"href":"https:\/\/sutore.com\/en\/wp-json\/wp\/v2\/types\/product"}],"wp:featuredmedia":[{"embeddable":true,"href":"https:\/\/sutore.com\/en\/wp-json\/wp\/v2\/media\/58441"}],"wp:attachment":[{"href":"https:\/\/sutore.com\/en\/wp-json\/wp\/v2\/media?parent=58439"}],"wp:term":[{"taxonomy":"product_brand","embeddable":true,"href":"https:\/\/sutore.com\/en\/wp-json\/wp\/v2\/product_brand?post=58439"},{"taxonomy":"product_cat","embeddable":true,"href":"https:\/\/sutore.com\/en\/wp-json\/wp\/v2\/product_cat?post=58439"},{"taxonomy":"product_tag","embeddable":true,"href":"https:\/\/sutore.com\/en\/wp-json\/wp\/v2\/product_tag?post=58439"}],"curies":[{"name":"wp","href":"https:\/\/api.w.org\/{rel}","templated":true}]}}