{"id":58482,"date":"2022-01-31T15:40:29","date_gmt":"2022-01-31T12:40:29","guid":{"rendered":"https:\/\/sutore.com\/?post_type=product&#038;p=58482"},"modified":"2026-03-21T01:13:18","modified_gmt":"2026-03-20T22:13:18","slug":"adidas-yeezy-boost-700-mnvn-resin","status":"publish","type":"product","link":"https:\/\/sutore.com\/en\/product\/adidas-yeezy-boost-700-mnvn-resin\/","title":{"rendered":"adidas Yeezy Boost 700 MNVN Resin"},"content":{"rendered":"<p style=\"text-align: center;\">Yeezy Ailesi, \u015fimdi sutore&#8217;de bulunan adidas Yeezy Boost 700 MNVN Bone ile pop\u00fcler serisine yeni bir renk grubu ekliyor. Bu Boost 700&#8217;in silueti \u00f6nceki modellere benzese de kompakt malzemeler kullan\u0131larak g\u00f6sterilen &#8220;700&#8221; yaz\u0131s\u0131 tasar\u0131m\u0131 farkl\u0131 k\u0131l\u0131yor.<\/p>\n<p style=\"text-align: center;\">Bu Yeezy Boost 700 MNVN, yans\u0131t\u0131c\u0131 detaylarla birlikte kemik naylon bir \u00fcst i\u00e7eriyor. Boost yast\u0131kl\u0131 taban ve siyah d\u0131\u015f taban tasar\u0131m\u0131 tamaml\u0131yor. Temmuz 2020\u2019de piyasaya s\u00fcr\u00fclen bu model 220 dolar fiyat etiketiyle vitrinlerdeki yerini ald\u0131. Bu do\u011fal modeli stoklar k\u0131r\u0131lmadan hemen sat\u0131n al.<\/p>\n<p style=\"text-align: center;\">\u00dcr\u00fcn hakk\u0131nda daha fazla bilgi almak ve \u00fcr\u00fcn\u00fcn g\u00fcncel global piyasa de\u011ferini takip etmek i\u00e7in <a href=\"https:\/\/stockx.com\/adidas-yeezy-boost-700-mnvn-resin\" target=\"_blank\" rel=\"noopener noreferrer\">StockX<\/a> adresini ziyaret edebilirsiniz.<\/p>\n","protected":false},"excerpt":{"rendered":"<p style=\"text-align: center;\">Yeezy Ailesi, \u015fimdi sutore&#8217;de bulunan adidas Yeezy Boost 700 MNVN Bone ile pop\u00fcler serisine yeni bir renk grubu ekliyor. Bu Boost 700&#8217;in silueti \u00f6nceki modellere benzese de kompakt malzemeler kullan\u0131larak g\u00f6sterilen &#8220;700&#8221; yaz\u0131s\u0131 tasar\u0131m\u0131 farkl\u0131 k\u0131l\u0131yor.<\/p>\n<p>&nbsp;<\/p>\n<p style=\"text-align: center;\">Bu Yeezy Boost 700 MNVN, yans\u0131t\u0131c\u0131 detaylarla birlikte kemik naylon bir \u00fcst i\u00e7eriyor. Boost yast\u0131kl\u0131 taban ve siyah d\u0131\u015f taban tasar\u0131m\u0131 tamaml\u0131yor. Temmuz 2020\u2019de piyasaya s\u00fcr\u00fclen bu model 220 dolar fiyat etiketiyle vitrinlerdeki yerini ald\u0131. Bu do\u011fal modeli stoklar k\u0131r\u0131lmadan hemen sat\u0131n al.<\/p>\n<p>&nbsp;<\/p>\n<p style=\"text-align: center;\">\u00dcr\u00fcn hakk\u0131nda daha fazla bilgi almak ve \u00fcr\u00fcn\u00fcn g\u00fcncel global piyasa de\u011ferini takip etmek i\u00e7in <a href=\"https:\/\/stockx.com\/adidas-yeezy-boost-700-mnvn-resin\" target=\"_blank\" rel=\"noopener noreferrer\">StockX<\/a> adresini ziyaret edebilirsiniz.<\/p>\n","protected":false},"featured_media":58483,"template":"","meta":{"_acf_changed":false},"product_brand":[1927,2127,2003,2126],"product_cat":[74,95,1575,71,1570,1569,72,1571],"product_tag":[1335],"class_list":{"0":"post-58482","1":"product","2":"type-product","3":"status-publish","4":"has-post-thumbnail","6":"product_brand-adidas","7":"product_brand-adidas-en","8":"product_brand-yeezy","9":"product_brand-yeezy-en","10":"product_cat-sneakers","11":"product_cat-95","12":"product_cat-700-en","13":"product_cat-adidas","14":"product_cat-adidas-en","15":"product_cat-sneakers-en","16":"product_cat-yeezy","17":"product_cat-yeezy-en","18":"product_tag-sari","20":"first","21":"instock","22":"shipping-taxable","23":"purchasable","24":"product-type-variable"},"acf":[],"_links":{"self":[{"href":"https:\/\/sutore.com\/en\/wp-json\/wp\/v2\/product\/58482","targetHints":{"allow":["GET"]}}],"collection":[{"href":"https:\/\/sutore.com\/en\/wp-json\/wp\/v2\/product"}],"about":[{"href":"https:\/\/sutore.com\/en\/wp-json\/wp\/v2\/types\/product"}],"wp:featuredmedia":[{"embeddable":true,"href":"https:\/\/sutore.com\/en\/wp-json\/wp\/v2\/media\/58483"}],"wp:attachment":[{"href":"https:\/\/sutore.com\/en\/wp-json\/wp\/v2\/media?parent=58482"}],"wp:term":[{"taxonomy":"product_brand","embeddable":true,"href":"https:\/\/sutore.com\/en\/wp-json\/wp\/v2\/product_brand?post=58482"},{"taxonomy":"product_cat","embeddable":true,"href":"https:\/\/sutore.com\/en\/wp-json\/wp\/v2\/product_cat?post=58482"},{"taxonomy":"product_tag","embeddable":true,"href":"https:\/\/sutore.com\/en\/wp-json\/wp\/v2\/product_tag?post=58482"}],"curies":[{"name":"wp","href":"https:\/\/api.w.org\/{rel}","templated":true}]}}