{"id":591029,"date":"2026-02-03T00:28:37","date_gmt":"2026-02-02T21:28:37","guid":{"rendered":"https:\/\/sutore.com\/?post_type=product&#038;p=591029"},"modified":"2026-02-22T23:19:15","modified_gmt":"2026-02-22T20:19:15","slug":"pop-mart-skullpanda-mylittlepony-plush-doll-pendant-rarity","status":"publish","type":"product","link":"https:\/\/sutore.com\/en\/product\/pop-mart-skullpanda-mylittlepony-plush-doll-pendant-rarity\/","title":{"rendered":"Pop Mart SKULLPANDA \u00d7 My Little Pony Series Plush Doll Pendant Rarity"},"content":{"rendered":"<p style=\"text-align: center\">Pop Mart SKULLPANDA \u00d7 My Little Pony Series Plush Doll Pendant \u201cRarity\u201d, My Little Pony evreninden Rarity karakteri ile tasarlanm\u0131\u015f \u015firin ve koleksiyon de\u011feri y\u00fcksek bir pelu\u015f anahtarl\u0131k\/ask\u0131 aksesuar\u0131d\u0131r. Yumu\u015fak pelu\u015f dokusu ve detayl\u0131 My Little Pony fig\u00fcr\u00fcyle hem \u00e7ocuklar hem koleksiyon tutkunlar\u0131 i\u00e7in idealdir.<\/p>\n","protected":false},"excerpt":{"rendered":"<p style=\"text-align: center\">Pop Mart SKULLPANDA \u00d7 My Little Pony Series Plush Doll Pendant \u201cRarity\u201d, My Little Pony evreninden Rarity karakteri ile tasarlanm\u0131\u015f \u015firin ve koleksiyon de\u011feri y\u00fcksek bir pelu\u015f anahtarl\u0131k\/ask\u0131 aksesuar\u0131d\u0131r. Yumu\u015fak pelu\u015f dokusu ve detayl\u0131 My Little Pony fig\u00fcr\u00fcyle hem \u00e7ocuklar hem koleksiyon tutkunlar\u0131 i\u00e7in idealdir.<\/p>\n","protected":false},"featured_media":600436,"template":"","meta":{"_acf_changed":false},"product_brand":[1909,2097],"product_cat":[1561,362,2169,2135],"product_tag":[],"class_list":{"0":"post-591029","1":"product","2":"type-product","3":"status-publish","4":"has-post-thumbnail","6":"product_brand-pop-mart","7":"product_brand-pop-mart-en","8":"product_cat-accessories-en","9":"product_cat-accessories","10":"product_cat-collectibles-en","11":"product_cat-collectibles","13":"first","14":"instock","15":"shipping-taxable","16":"purchasable","17":"product-type-variable"},"acf":[],"_links":{"self":[{"href":"https:\/\/sutore.com\/en\/wp-json\/wp\/v2\/product\/591029","targetHints":{"allow":["GET"]}}],"collection":[{"href":"https:\/\/sutore.com\/en\/wp-json\/wp\/v2\/product"}],"about":[{"href":"https:\/\/sutore.com\/en\/wp-json\/wp\/v2\/types\/product"}],"wp:featuredmedia":[{"embeddable":true,"href":"https:\/\/sutore.com\/en\/wp-json\/wp\/v2\/media\/600436"}],"wp:attachment":[{"href":"https:\/\/sutore.com\/en\/wp-json\/wp\/v2\/media?parent=591029"}],"wp:term":[{"taxonomy":"product_brand","embeddable":true,"href":"https:\/\/sutore.com\/en\/wp-json\/wp\/v2\/product_brand?post=591029"},{"taxonomy":"product_cat","embeddable":true,"href":"https:\/\/sutore.com\/en\/wp-json\/wp\/v2\/product_cat?post=591029"},{"taxonomy":"product_tag","embeddable":true,"href":"https:\/\/sutore.com\/en\/wp-json\/wp\/v2\/product_tag?post=591029"}],"curies":[{"name":"wp","href":"https:\/\/api.w.org\/{rel}","templated":true}]}}