{"id":591036,"date":"2026-02-03T00:51:06","date_gmt":"2026-02-02T21:51:06","guid":{"rendered":"https:\/\/sutore.com\/?post_type=product&#038;p=591036"},"modified":"2026-03-31T18:10:21","modified_gmt":"2026-03-31T15:10:21","slug":"pop-mart-skullpanda-my-little-pony-series-plush-doll-pendant","status":"publish","type":"product","link":"https:\/\/sutore.com\/en\/product\/pop-mart-skullpanda-my-little-pony-series-plush-doll-pendant\/","title":{"rendered":"POP MART SKULLPANDA \u00d7 My Little Pony Series Plush Doll Pendant"},"content":{"rendered":"<p style=\"text-align: center\">POP MART\u2019in SKULLPANDA \u00d7 My Little Pony Series Plush Doll Pendant \u00fcr\u00fcn\u00fc, My Little Pony\u2019nin ikonik karakterlerini SKULLPANDA esteti\u011fiyle yeniden yorumlayan koleksiyonluk pelu\u015f bir anahtarl\u0131k\/\u00e7anta s\u00fcs\u00fcd\u00fcr. Seri; 6 ana tasar\u0131m ve 2 gizli (secret) varyant i\u00e7erir ve her bir tasar\u0131mda \u015fekillendirilebilir uzun yele sa\u00e7 detay\u0131 bulunur. Koleksiyon seti\u00a0 G\u00fcnl\u00fck kullan\u0131mda \u00e7anta, s\u0131rt \u00e7antas\u0131 veya anahtarlara tak\u0131labilecek \u015fekilde tasarlanm\u0131\u015f pelu\u015f formdad\u0131r. Koleksiyonda gizli karakterler olarak Sunset Shimmer ve Queen Chrysalis yer al\u0131r.<\/p>\n","protected":false},"excerpt":{"rendered":"<p style=\"text-align: center\">POP MART\u2019in SKULLPANDA \u00d7 My Little Pony Series Plush Doll Pendant \u00fcr\u00fcn\u00fc, My Little Pony\u2019nin ikonik karakterlerini SKULLPANDA esteti\u011fiyle yeniden yorumlayan koleksiyonluk pelu\u015f bir anahtarl\u0131k\/\u00e7anta s\u00fcs\u00fcd\u00fcr. Seri; 6 ana tasar\u0131m ve 2 gizli (secret) varyant i\u00e7erir ve her bir tasar\u0131mda \u015fekillendirilebilir uzun yele sa\u00e7 detay\u0131 bulunur. Koleksiyon seti\u00a0 G\u00fcnl\u00fck kullan\u0131mda \u00e7anta, s\u0131rt \u00e7antas\u0131 veya anahtarlara tak\u0131labilecek \u015fekilde tasarlanm\u0131\u015f pelu\u015f formdad\u0131r. Koleksiyonda gizli karakterler olarak Sunset Shimmer ve Queen Chrysalis yer al\u0131r.<\/p>\n","protected":false},"featured_media":600487,"template":"","meta":{"_acf_changed":false},"product_brand":[1909,2097],"product_cat":[1561,362,2169,2135],"product_tag":[],"class_list":{"0":"post-591036","1":"product","2":"type-product","3":"status-publish","4":"has-post-thumbnail","6":"product_brand-pop-mart","7":"product_brand-pop-mart-en","8":"product_cat-accessories-en","9":"product_cat-accessories","10":"product_cat-collectibles-en","11":"product_cat-collectibles","13":"first","14":"instock","15":"shipping-taxable","16":"purchasable","17":"product-type-variable"},"acf":[],"_links":{"self":[{"href":"https:\/\/sutore.com\/en\/wp-json\/wp\/v2\/product\/591036","targetHints":{"allow":["GET"]}}],"collection":[{"href":"https:\/\/sutore.com\/en\/wp-json\/wp\/v2\/product"}],"about":[{"href":"https:\/\/sutore.com\/en\/wp-json\/wp\/v2\/types\/product"}],"wp:featuredmedia":[{"embeddable":true,"href":"https:\/\/sutore.com\/en\/wp-json\/wp\/v2\/media\/600487"}],"wp:attachment":[{"href":"https:\/\/sutore.com\/en\/wp-json\/wp\/v2\/media?parent=591036"}],"wp:term":[{"taxonomy":"product_brand","embeddable":true,"href":"https:\/\/sutore.com\/en\/wp-json\/wp\/v2\/product_brand?post=591036"},{"taxonomy":"product_cat","embeddable":true,"href":"https:\/\/sutore.com\/en\/wp-json\/wp\/v2\/product_cat?post=591036"},{"taxonomy":"product_tag","embeddable":true,"href":"https:\/\/sutore.com\/en\/wp-json\/wp\/v2\/product_tag?post=591036"}],"curies":[{"name":"wp","href":"https:\/\/api.w.org\/{rel}","templated":true}]}}