{"id":61136,"date":"2022-03-10T21:51:37","date_gmt":"2022-03-10T18:51:37","guid":{"rendered":"https:\/\/sutore.com\/?post_type=product&#038;p=61136"},"modified":"2025-04-18T02:30:41","modified_gmt":"2025-04-17T23:30:41","slug":"nike-air-jordan-1-crib-bootie-satin-snake-chicago-i","status":"publish","type":"product","link":"https:\/\/sutore.com\/en\/product\/nike-air-jordan-1-crib-bootie-satin-snake-chicago-i\/","title":{"rendered":"Nike Air Jordan 1 Crib Bootie Satin Snake Chicago (I)"},"content":{"rendered":"<p style=\"text-align: center;\">1\u00dcr\u00fcn hakk\u0131nda daha fazla bilgi almak ve \u00fcr\u00fcn\u00fcn g\u00fcncel global piyasa de\u011ferini takip etmek i\u00e7in <a href=\"https:\/\/stockx.com\/air-jordan-1-crib-bootie-satin-snake-chicago-i\" target=\"_blank\" rel=\"noopener noreferrer\">StockX<\/a> adresini ziyaret edebilirsiniz.<\/p>\n","protected":false},"excerpt":{"rendered":"<p style=\"text-align: center;\">\u00dcr\u00fcn hakk\u0131nda daha fazla bilgi almak ve \u00fcr\u00fcn\u00fcn g\u00fcncel global piyasa de\u011ferini takip etmek i\u00e7in <a href=\"https:\/\/stockx.com\/air-jordan-1-crib-bootie-satin-snake-chicago-i\" target=\"_blank\" rel=\"noopener noreferrer\">StockX<\/a> adresini ziyaret edebilirsiniz.<\/p>\n","protected":false},"featured_media":61231,"template":"","meta":{"_acf_changed":false},"product_brand":[2019,2041,1928,2087],"product_cat":[74,96,1577,946,1581,1569],"product_tag":[1329],"class_list":{"0":"post-61136","1":"product","2":"type-product","3":"status-publish","4":"has-post-thumbnail","6":"product_brand-air-jordan","7":"product_brand-air-jordan-en","8":"product_brand-nike","9":"product_brand-nike-en","10":"product_cat-sneakers","11":"product_cat-air-jordan","12":"product_cat-air-jordan-en","13":"product_cat-others-air-jordan","14":"product_cat-others-air-jordan-en","15":"product_cat-sneakers-en","16":"product_tag-kirmizi","18":"first","19":"outofstock","20":"shipping-taxable","21":"product-type-variable"},"acf":[],"_links":{"self":[{"href":"https:\/\/sutore.com\/en\/wp-json\/wp\/v2\/product\/61136","targetHints":{"allow":["GET"]}}],"collection":[{"href":"https:\/\/sutore.com\/en\/wp-json\/wp\/v2\/product"}],"about":[{"href":"https:\/\/sutore.com\/en\/wp-json\/wp\/v2\/types\/product"}],"wp:featuredmedia":[{"embeddable":true,"href":"https:\/\/sutore.com\/en\/wp-json\/wp\/v2\/media\/61231"}],"wp:attachment":[{"href":"https:\/\/sutore.com\/en\/wp-json\/wp\/v2\/media?parent=61136"}],"wp:term":[{"taxonomy":"product_brand","embeddable":true,"href":"https:\/\/sutore.com\/en\/wp-json\/wp\/v2\/product_brand?post=61136"},{"taxonomy":"product_cat","embeddable":true,"href":"https:\/\/sutore.com\/en\/wp-json\/wp\/v2\/product_cat?post=61136"},{"taxonomy":"product_tag","embeddable":true,"href":"https:\/\/sutore.com\/en\/wp-json\/wp\/v2\/product_tag?post=61136"}],"curies":[{"name":"wp","href":"https:\/\/api.w.org\/{rel}","templated":true}]}}