{"id":61216,"date":"2022-01-27T23:39:20","date_gmt":"2022-01-27T20:39:20","guid":{"rendered":"https:\/\/sutore.com\/?post_type=product&#038;p=61216"},"modified":"2026-03-30T04:48:09","modified_gmt":"2026-03-30T01:48:09","slug":"nike-dunk-high-black-white-2021","status":"publish","type":"product","link":"https:\/\/sutore.com\/en\/product\/nike-dunk-high-black-white-2021\/","title":{"rendered":"Nike Dunk High Black White (2021)"},"content":{"rendered":"<p style=\"text-align: center;\">\u00dcr\u00fcn hakk\u0131nda daha fazla bilgi almak ve \u00fcr\u00fcn\u00fcn g\u00fcncel global piyasa de\u011ferini takip etmek i\u00e7in <a href=\"https:\/\/stockx.com\/nike-dunk-high-black-white-total-orange-2021\" target=\"_blank\" rel=\"noopener noreferrer\">StockX<\/a> adresini ziyaret edebilirsiniz.<\/p>\n","protected":false},"excerpt":{"rendered":"<p style=\"text-align: center;\">\u00dcr\u00fcn hakk\u0131nda daha fazla bilgi almak ve \u00fcr\u00fcn\u00fcn g\u00fcncel global piyasa de\u011ferini takip etmek i\u00e7in <a href=\"https:\/\/stockx.com\/nike-dunk-high-black-white-total-orange-2021\" target=\"_blank\" rel=\"noopener noreferrer\">StockX<\/a> adresini ziyaret edebilirsiniz.<\/p>\n","protected":false},"featured_media":61218,"template":"","meta":{"_acf_changed":false},"product_brand":[2087,1928],"product_cat":[74,100,1585,1582,98,1569],"product_tag":[1327],"class_list":{"0":"post-61216","1":"product","2":"type-product","3":"status-publish","4":"has-post-thumbnail","6":"product_brand-nike-en","7":"product_brand-nike","8":"product_cat-sneakers","9":"product_cat-dunk","10":"product_cat-dunk-en","11":"product_cat-nike-en","12":"product_cat-nike","13":"product_cat-sneakers-en","14":"product_tag-siyah","16":"first","17":"instock","18":"shipping-taxable","19":"purchasable","20":"product-type-variable"},"acf":[],"_links":{"self":[{"href":"https:\/\/sutore.com\/en\/wp-json\/wp\/v2\/product\/61216","targetHints":{"allow":["GET"]}}],"collection":[{"href":"https:\/\/sutore.com\/en\/wp-json\/wp\/v2\/product"}],"about":[{"href":"https:\/\/sutore.com\/en\/wp-json\/wp\/v2\/types\/product"}],"wp:featuredmedia":[{"embeddable":true,"href":"https:\/\/sutore.com\/en\/wp-json\/wp\/v2\/media\/61218"}],"wp:attachment":[{"href":"https:\/\/sutore.com\/en\/wp-json\/wp\/v2\/media?parent=61216"}],"wp:term":[{"taxonomy":"product_brand","embeddable":true,"href":"https:\/\/sutore.com\/en\/wp-json\/wp\/v2\/product_brand?post=61216"},{"taxonomy":"product_cat","embeddable":true,"href":"https:\/\/sutore.com\/en\/wp-json\/wp\/v2\/product_cat?post=61216"},{"taxonomy":"product_tag","embeddable":true,"href":"https:\/\/sutore.com\/en\/wp-json\/wp\/v2\/product_tag?post=61216"}],"curies":[{"name":"wp","href":"https:\/\/api.w.org\/{rel}","templated":true}]}}