{"id":63297,"date":"2022-04-01T01:42:56","date_gmt":"2022-03-31T22:42:56","guid":{"rendered":"https:\/\/sutore.com\/?post_type=product&#038;p=63297"},"modified":"2026-03-21T05:28:02","modified_gmt":"2026-03-21T02:28:02","slug":"nike-dunk-high-retro-cargo-khaki-2021","status":"publish","type":"product","link":"https:\/\/sutore.com\/en\/product\/nike-dunk-high-retro-cargo-khaki-2021\/","title":{"rendered":"Nike Dunk High Retro Cargo Khaki (2021)"},"content":{"rendered":"<p style=\"text-align: center;\">\u00dcr\u00fcn hakk\u0131nda daha fazla bilgi almak ve \u00fcr\u00fcn\u00fcn g\u00fcncel global piyasa de\u011ferini takip etmek i\u00e7in <a href=\"https:\/\/stockx.com\/nike-dunk-high-cargo-khaki\" target=\"_blank\" rel=\"noopener noreferrer\">StockX<\/a> adresini ziyaret edebilirsiniz.<\/p>\n","protected":false},"excerpt":{"rendered":"<p style=\"text-align: center;\">\u00dcr\u00fcn hakk\u0131nda daha fazla bilgi almak ve \u00fcr\u00fcn\u00fcn g\u00fcncel global piyasa de\u011ferini takip etmek i\u00e7in <a href=\"https:\/\/stockx.com\/nike-dunk-high-cargo-khaki\" target=\"_blank\" rel=\"noopener noreferrer\">StockX<\/a> adresini ziyaret edebilirsiniz.<\/p>\n","protected":false},"featured_media":63298,"template":"","meta":{"_acf_changed":false},"product_brand":[1928,2087],"product_cat":[74,100,1585,98,1582,1569],"product_tag":[1331],"class_list":{"0":"post-63297","1":"product","2":"type-product","3":"status-publish","4":"has-post-thumbnail","6":"product_brand-nike","7":"product_brand-nike-en","8":"product_cat-sneakers","9":"product_cat-dunk","10":"product_cat-dunk-en","11":"product_cat-nike","12":"product_cat-nike-en","13":"product_cat-sneakers-en","14":"product_tag-yesil","16":"first","17":"instock","18":"shipping-taxable","19":"purchasable","20":"product-type-variable"},"acf":[],"_links":{"self":[{"href":"https:\/\/sutore.com\/en\/wp-json\/wp\/v2\/product\/63297","targetHints":{"allow":["GET"]}}],"collection":[{"href":"https:\/\/sutore.com\/en\/wp-json\/wp\/v2\/product"}],"about":[{"href":"https:\/\/sutore.com\/en\/wp-json\/wp\/v2\/types\/product"}],"wp:featuredmedia":[{"embeddable":true,"href":"https:\/\/sutore.com\/en\/wp-json\/wp\/v2\/media\/63298"}],"wp:attachment":[{"href":"https:\/\/sutore.com\/en\/wp-json\/wp\/v2\/media?parent=63297"}],"wp:term":[{"taxonomy":"product_brand","embeddable":true,"href":"https:\/\/sutore.com\/en\/wp-json\/wp\/v2\/product_brand?post=63297"},{"taxonomy":"product_cat","embeddable":true,"href":"https:\/\/sutore.com\/en\/wp-json\/wp\/v2\/product_cat?post=63297"},{"taxonomy":"product_tag","embeddable":true,"href":"https:\/\/sutore.com\/en\/wp-json\/wp\/v2\/product_tag?post=63297"}],"curies":[{"name":"wp","href":"https:\/\/api.w.org\/{rel}","templated":true}]}}