{"id":64547,"date":"2022-06-04T19:30:56","date_gmt":"2022-06-04T16:30:56","guid":{"rendered":"https:\/\/sutore.com\/?post_type=product&#038;p=64547"},"modified":"2026-03-21T00:59:53","modified_gmt":"2026-03-20T21:59:53","slug":"nike-air-trainer-1-sp-travis-scott-wheat","status":"publish","type":"product","link":"https:\/\/sutore.com\/en\/product\/nike-air-trainer-1-sp-travis-scott-wheat\/","title":{"rendered":"Nike Air Trainer 1 SP Travis Scott Wheat"},"content":{"rendered":"<p style=\"text-align: center;\">Nike Ailesi, \u015fimdi sutore&#8217;de bulunan Nike Air Max 1 Amsterdam ile serisine yeni bir renk grubu ekliyor. \u00c7arp\u0131c\u0131 tasar\u0131m detaylar\u0131na haz\u0131r olun!<\/p>\n<p style=\"text-align: center;\">Bu Air Max 1, k\u0131rm\u0131z\u0131 ve gri detaylardan olu\u015fan bir \u00fcst i\u00e7eriyor. H\u00e2k\u00ee orta taban, h\u00e2k\u00ee Air Max \u00fcnitesi ve krem d\u0131\u015f taban tasar\u0131m\u0131 tamaml\u0131yor. Mart 2020&#8217;de piyasaya s\u00fcr\u00fclen bu model 160 dolar fiyat etiketiyle vitrinlerdeki yerini ald\u0131. Bu sade modeli stoklar t\u00fckenmeden hemen sat\u0131n al.<\/p>\n<p style=\"text-align: center;\">\u00dcr\u00fcn hakk\u0131nda daha fazla bilgi almak ve \u00fcr\u00fcn\u00fcn g\u00fcncel global piyasa de\u011ferini takip etmek i\u00e7in <a href=\"https:\/\/stockx.com\/nike-air-trainer-1-sp-travis-scott-wheat\" target=\"_blank\" rel=\"noopener noreferrer\">StockX<\/a> adresini ziyaret edebilirsiniz.<\/p>\n","protected":false},"excerpt":{"rendered":"<p style=\"text-align: center;\">Nike Air Trainer 1 SP Travis Scott Wheat hakk\u0131nda daha fazla bilgi almak ve \u00fcr\u00fcn\u00fcn g\u00fcncel global piyasa de\u011ferini takip etmek i\u00e7in <a href=\"https:\/\/stockx.com\/nike-air-trainer-1-sp-travis-scott-wheat\" target=\"_blank\" rel=\"noopener noreferrer\">StockX<\/a> adresini ziyaret edebilirsiniz.<\/p>\n","protected":false},"featured_media":64551,"template":"","meta":{"_acf_changed":false},"product_brand":[1928,2087,2008,2117],"product_cat":[74,101,98,1582,1586,1569],"product_tag":[1338],"class_list":{"0":"post-64547","1":"product","2":"type-product","3":"status-publish","4":"has-post-thumbnail","6":"product_brand-nike","7":"product_brand-nike-en","8":"product_brand-travis-scott","9":"product_brand-travis-scott-en","10":"product_cat-sneakers","11":"product_cat-others-nike","12":"product_cat-nike","13":"product_cat-nike-en","14":"product_cat-others-nike-en","15":"product_cat-sneakers-en","16":"product_tag-kahverengi","18":"first","19":"instock","20":"shipping-taxable","21":"purchasable","22":"product-type-variable"},"acf":[],"_links":{"self":[{"href":"https:\/\/sutore.com\/en\/wp-json\/wp\/v2\/product\/64547","targetHints":{"allow":["GET"]}}],"collection":[{"href":"https:\/\/sutore.com\/en\/wp-json\/wp\/v2\/product"}],"about":[{"href":"https:\/\/sutore.com\/en\/wp-json\/wp\/v2\/types\/product"}],"wp:featuredmedia":[{"embeddable":true,"href":"https:\/\/sutore.com\/en\/wp-json\/wp\/v2\/media\/64551"}],"wp:attachment":[{"href":"https:\/\/sutore.com\/en\/wp-json\/wp\/v2\/media?parent=64547"}],"wp:term":[{"taxonomy":"product_brand","embeddable":true,"href":"https:\/\/sutore.com\/en\/wp-json\/wp\/v2\/product_brand?post=64547"},{"taxonomy":"product_cat","embeddable":true,"href":"https:\/\/sutore.com\/en\/wp-json\/wp\/v2\/product_cat?post=64547"},{"taxonomy":"product_tag","embeddable":true,"href":"https:\/\/sutore.com\/en\/wp-json\/wp\/v2\/product_tag?post=64547"}],"curies":[{"name":"wp","href":"https:\/\/api.w.org\/{rel}","templated":true}]}}