{"id":75089,"date":"2022-08-03T17:47:04","date_gmt":"2022-08-03T14:47:04","guid":{"rendered":"https:\/\/sutore.com\/?post_type=product&#038;p=75089"},"modified":"2026-04-05T17:13:30","modified_gmt":"2026-04-05T14:13:30","slug":"adidas-yeezy-450-utility-black","status":"publish","type":"product","link":"https:\/\/sutore.com\/en\/product\/adidas-yeezy-450-utility-black\/","title":{"rendered":"adidas Yeezy 450 Utility Black"},"content":{"rendered":"<p style=\"text-align: center;\">adidas Yeezy 450 Utility Black hakk\u0131nda daha fazla bilgi almak ve \u00fcr\u00fcn\u00fcn g\u00fcncel global piyasa de\u011ferini takip etmek i\u00e7in <a href=\"https:\/\/stockx.com\/adidas-yeezy-450-utility-black\" target=\"_blank\" rel=\"noopener noreferrer\">StockX<\/a> adresini ziyaret edebilirsiniz.<\/p>\n","protected":false},"excerpt":{"rendered":"<p style=\"text-align: center;\">adidas Yeezy 450 Utility Black hakk\u0131nda daha fazla bilgi almak ve \u00fcr\u00fcn\u00fcn g\u00fcncel global piyasa de\u011ferini takip etmek i\u00e7in <a href=\"https:\/\/stockx.com\/adidas-yeezy-450-utility-black\" target=\"_blank\" rel=\"noopener noreferrer\">StockX<\/a> adresini ziyaret edebilirsiniz.<\/p>\n","protected":false},"featured_media":75094,"template":"","meta":{"_acf_changed":false},"product_brand":[2127,1927,2003,2126],"product_cat":[74,71,1570,1569,1571,72],"product_tag":[1327],"class_list":{"0":"post-75089","1":"product","2":"type-product","3":"status-publish","4":"has-post-thumbnail","6":"product_brand-adidas-en","7":"product_brand-adidas","8":"product_brand-yeezy","9":"product_brand-yeezy-en","10":"product_cat-sneakers","11":"product_cat-adidas","12":"product_cat-adidas-en","13":"product_cat-sneakers-en","14":"product_cat-yeezy-en","15":"product_cat-yeezy","16":"product_tag-siyah","18":"first","19":"instock","20":"shipping-taxable","21":"purchasable","22":"product-type-variable"},"acf":[],"_links":{"self":[{"href":"https:\/\/sutore.com\/en\/wp-json\/wp\/v2\/product\/75089","targetHints":{"allow":["GET"]}}],"collection":[{"href":"https:\/\/sutore.com\/en\/wp-json\/wp\/v2\/product"}],"about":[{"href":"https:\/\/sutore.com\/en\/wp-json\/wp\/v2\/types\/product"}],"wp:featuredmedia":[{"embeddable":true,"href":"https:\/\/sutore.com\/en\/wp-json\/wp\/v2\/media\/75094"}],"wp:attachment":[{"href":"https:\/\/sutore.com\/en\/wp-json\/wp\/v2\/media?parent=75089"}],"wp:term":[{"taxonomy":"product_brand","embeddable":true,"href":"https:\/\/sutore.com\/en\/wp-json\/wp\/v2\/product_brand?post=75089"},{"taxonomy":"product_cat","embeddable":true,"href":"https:\/\/sutore.com\/en\/wp-json\/wp\/v2\/product_cat?post=75089"},{"taxonomy":"product_tag","embeddable":true,"href":"https:\/\/sutore.com\/en\/wp-json\/wp\/v2\/product_tag?post=75089"}],"curies":[{"name":"wp","href":"https:\/\/api.w.org\/{rel}","templated":true}]}}