{"id":75358,"date":"2022-08-01T14:51:37","date_gmt":"2022-08-01T11:51:37","guid":{"rendered":"https:\/\/sutore.com\/?post_type=product&#038;p=75358"},"modified":"2026-03-27T15:38:06","modified_gmt":"2026-03-27T12:38:06","slug":"nike-sb-dunk-high-pro-mineral-slate-suede","status":"publish","type":"product","link":"https:\/\/sutore.com\/en\/product\/nike-sb-dunk-high-pro-mineral-slate-suede\/","title":{"rendered":"Nike SB Dunk High Pro Mineral Slate Suede"},"content":{"rendered":"<p style=\"text-align: center;\">Nike SB Dunk High Pro Mineral Slate Suede hakk\u0131nda daha fazla bilgi almak ve \u00fcr\u00fcn\u00fcn g\u00fcncel global piyasa de\u011ferini takip etmek i\u00e7in <a href=\"https:\/\/stockx.com\/nike-sb-dunk-high-green-suede\" target=\"_blank\" rel=\"noopener noreferrer\">StockX<\/a> adresini ziyaret edebilirsiniz.<\/p>\n","protected":false},"excerpt":{"rendered":"<p style=\"text-align: center;\">Nike SB Dunk High Pro Mineral Slate Suede hakk\u0131nda daha fazla bilgi almak ve \u00fcr\u00fcn\u00fcn g\u00fcncel global piyasa de\u011ferini takip etmek i\u00e7in <a href=\"https:\/\/stockx.com\/nike-sb-dunk-high-green-suede\" target=\"_blank\" rel=\"noopener noreferrer\">StockX<\/a> adresini ziyaret edebilirsiniz.<\/p>\n","protected":false},"featured_media":75360,"template":"","meta":{"_acf_changed":false},"product_brand":[1928,2087],"product_cat":[74,1585,100,1582,98,1569],"product_tag":[1332,1327],"class_list":{"0":"post-75358","1":"product","2":"type-product","3":"status-publish","4":"has-post-thumbnail","6":"product_brand-nike","7":"product_brand-nike-en","8":"product_cat-sneakers","9":"product_cat-dunk-en","10":"product_cat-dunk","11":"product_cat-nike-en","12":"product_cat-nike","13":"product_cat-sneakers-en","14":"product_tag-mavi","15":"product_tag-siyah","17":"first","18":"instock","19":"shipping-taxable","20":"purchasable","21":"product-type-variable"},"acf":[],"_links":{"self":[{"href":"https:\/\/sutore.com\/en\/wp-json\/wp\/v2\/product\/75358","targetHints":{"allow":["GET"]}}],"collection":[{"href":"https:\/\/sutore.com\/en\/wp-json\/wp\/v2\/product"}],"about":[{"href":"https:\/\/sutore.com\/en\/wp-json\/wp\/v2\/types\/product"}],"wp:featuredmedia":[{"embeddable":true,"href":"https:\/\/sutore.com\/en\/wp-json\/wp\/v2\/media\/75360"}],"wp:attachment":[{"href":"https:\/\/sutore.com\/en\/wp-json\/wp\/v2\/media?parent=75358"}],"wp:term":[{"taxonomy":"product_brand","embeddable":true,"href":"https:\/\/sutore.com\/en\/wp-json\/wp\/v2\/product_brand?post=75358"},{"taxonomy":"product_cat","embeddable":true,"href":"https:\/\/sutore.com\/en\/wp-json\/wp\/v2\/product_cat?post=75358"},{"taxonomy":"product_tag","embeddable":true,"href":"https:\/\/sutore.com\/en\/wp-json\/wp\/v2\/product_tag?post=75358"}],"curies":[{"name":"wp","href":"https:\/\/api.w.org\/{rel}","templated":true}]}}