{"id":75361,"date":"2022-07-06T14:55:43","date_gmt":"2022-07-06T11:55:43","guid":{"rendered":"https:\/\/sutore.com\/?post_type=product&#038;p=75361"},"modified":"2026-04-02T17:55:32","modified_gmt":"2026-04-02T14:55:32","slug":"nike-dunk-high-moon-fossil-w","status":"publish","type":"product","link":"https:\/\/sutore.com\/en\/product\/nike-dunk-high-moon-fossil-w\/","title":{"rendered":"Nike Dunk High Moon Fossil (W)"},"content":{"rendered":"<p style=\"text-align: center;\">Nike Dunk High Moon Fossil hakk\u0131nda daha fazla bilgi almak ve \u00fcr\u00fcn\u00fcn g\u00fcncel global piyasa de\u011ferini takip etmek i\u00e7in <a href=\"https:\/\/stockx.com\/nike-dunk-high-moon-fossil-w\" target=\"_blank\" rel=\"noopener noreferrer\">StockX<\/a> adresini ziyaret edebilirsiniz.<\/p>\n","protected":false},"excerpt":{"rendered":"<p style=\"text-align: center;\">Nike Dunk High Moon Fossil hakk\u0131nda daha fazla bilgi almak ve \u00fcr\u00fcn\u00fcn g\u00fcncel global piyasa de\u011ferini takip etmek i\u00e7in <a href=\"https:\/\/stockx.com\/nike-dunk-high-moon-fossil-w\" target=\"_blank\" rel=\"noopener noreferrer\">StockX<\/a> adresini ziyaret edebilirsiniz.<\/p>\n","protected":false},"featured_media":75363,"template":"","meta":{"_acf_changed":false},"product_brand":[1928,2087],"product_cat":[74,100,1585,1582,98,1569],"product_tag":[1338,1327],"class_list":{"0":"post-75361","1":"product","2":"type-product","3":"status-publish","4":"has-post-thumbnail","6":"product_brand-nike","7":"product_brand-nike-en","8":"product_cat-sneakers","9":"product_cat-dunk","10":"product_cat-dunk-en","11":"product_cat-nike-en","12":"product_cat-nike","13":"product_cat-sneakers-en","14":"product_tag-kahverengi","15":"product_tag-siyah","17":"first","18":"instock","19":"shipping-taxable","20":"purchasable","21":"product-type-variable"},"acf":[],"_links":{"self":[{"href":"https:\/\/sutore.com\/en\/wp-json\/wp\/v2\/product\/75361","targetHints":{"allow":["GET"]}}],"collection":[{"href":"https:\/\/sutore.com\/en\/wp-json\/wp\/v2\/product"}],"about":[{"href":"https:\/\/sutore.com\/en\/wp-json\/wp\/v2\/types\/product"}],"wp:featuredmedia":[{"embeddable":true,"href":"https:\/\/sutore.com\/en\/wp-json\/wp\/v2\/media\/75363"}],"wp:attachment":[{"href":"https:\/\/sutore.com\/en\/wp-json\/wp\/v2\/media?parent=75361"}],"wp:term":[{"taxonomy":"product_brand","embeddable":true,"href":"https:\/\/sutore.com\/en\/wp-json\/wp\/v2\/product_brand?post=75361"},{"taxonomy":"product_cat","embeddable":true,"href":"https:\/\/sutore.com\/en\/wp-json\/wp\/v2\/product_cat?post=75361"},{"taxonomy":"product_tag","embeddable":true,"href":"https:\/\/sutore.com\/en\/wp-json\/wp\/v2\/product_tag?post=75361"}],"curies":[{"name":"wp","href":"https:\/\/api.w.org\/{rel}","templated":true}]}}