{"id":78391,"date":"2022-08-01T02:18:38","date_gmt":"2022-07-31T23:18:38","guid":{"rendered":"https:\/\/sutore.com\/?post_type=product&#038;p=78391"},"modified":"2026-03-27T15:33:03","modified_gmt":"2026-03-27T12:33:03","slug":"nike-dunk-low-off-white-lot-21","status":"publish","type":"product","link":"https:\/\/sutore.com\/en\/product\/nike-dunk-low-off-white-lot-21\/","title":{"rendered":"Nike Dunk Low Off-White Lot 21"},"content":{"rendered":"<p style=\"text-align: center;\">Nike Dunk Low Off-White Lot 21 hakk\u0131nda daha fazla bilgi almak ve \u00fcr\u00fcn\u00fcn g\u00fcncel global piyasa de\u011ferini takip etmek i\u00e7in <a href=\"https:\/\/stockx.com\/nike-dunk-low-off-white-lot-21\" target=\"_blank\" rel=\"noopener noreferrer\">StockX<\/a> adresini ziyaret edebilirsiniz.<\/p>\n","protected":false},"excerpt":{"rendered":"<p style=\"text-align: center;\">Nike Dunk Low Off-White Lot 21 hakk\u0131nda daha fazla bilgi almak ve \u00fcr\u00fcn\u00fcn g\u00fcncel global piyasa de\u011ferini takip etmek i\u00e7in <a href=\"https:\/\/stockx.com\/nike-dunk-low-off-white-lot-21\" target=\"_blank\" rel=\"noopener noreferrer\">StockX<\/a> adresini ziyaret edebilirsiniz.<\/p>\n","protected":false},"featured_media":78392,"template":"","meta":{"_acf_changed":false},"product_brand":[1928,2087,1984,2088],"product_cat":[74,100,1585,98,1582,1569],"product_tag":[1334],"class_list":{"0":"post-78391","1":"product","2":"type-product","3":"status-publish","4":"has-post-thumbnail","6":"product_brand-nike","7":"product_brand-nike-en","8":"product_brand-off-white","9":"product_brand-off-white-en","10":"product_cat-sneakers","11":"product_cat-dunk","12":"product_cat-dunk-en","13":"product_cat-nike","14":"product_cat-nike-en","15":"product_cat-sneakers-en","16":"product_tag-gri","18":"first","19":"instock","20":"shipping-taxable","21":"purchasable","22":"product-type-variable"},"acf":[],"_links":{"self":[{"href":"https:\/\/sutore.com\/en\/wp-json\/wp\/v2\/product\/78391","targetHints":{"allow":["GET"]}}],"collection":[{"href":"https:\/\/sutore.com\/en\/wp-json\/wp\/v2\/product"}],"about":[{"href":"https:\/\/sutore.com\/en\/wp-json\/wp\/v2\/types\/product"}],"wp:featuredmedia":[{"embeddable":true,"href":"https:\/\/sutore.com\/en\/wp-json\/wp\/v2\/media\/78392"}],"wp:attachment":[{"href":"https:\/\/sutore.com\/en\/wp-json\/wp\/v2\/media?parent=78391"}],"wp:term":[{"taxonomy":"product_brand","embeddable":true,"href":"https:\/\/sutore.com\/en\/wp-json\/wp\/v2\/product_brand?post=78391"},{"taxonomy":"product_cat","embeddable":true,"href":"https:\/\/sutore.com\/en\/wp-json\/wp\/v2\/product_cat?post=78391"},{"taxonomy":"product_tag","embeddable":true,"href":"https:\/\/sutore.com\/en\/wp-json\/wp\/v2\/product_tag?post=78391"}],"curies":[{"name":"wp","href":"https:\/\/api.w.org\/{rel}","templated":true}]}}