{"id":79828,"date":"2022-09-02T00:09:11","date_gmt":"2022-09-01T21:09:11","guid":{"rendered":"https:\/\/sutore.com\/?post_type=product&#038;p=79828"},"modified":"2026-03-27T15:27:41","modified_gmt":"2026-03-27T12:27:41","slug":"nike-air-jordan-1-high-zoom-air-cmft-hare","status":"publish","type":"product","link":"https:\/\/sutore.com\/en\/product\/nike-air-jordan-1-high-zoom-air-cmft-hare\/","title":{"rendered":"Nike Air Jordan 1 High Zoom Air CMFT Hare"},"content":{"rendered":"<p style=\"text-align: center;\">Nike Air Jordan 1 High Zoom Air CMFT Hare hakk\u0131nda daha fazla bilgi almak ve \u00fcr\u00fcn\u00fcn g\u00fcncel global piyasa de\u011ferini takip etmek i\u00e7in <a href=\"https:\/\/stockx.com\/air-jordan-1-high-zoom-air-cmft-hare\" target=\"_blank\" rel=\"noopener noreferrer\">StockX<\/a> adresini ziyaret edebilirsiniz.<\/p>\n","protected":false},"excerpt":{"rendered":"<p style=\"text-align: center;\">Nike Air Jordan 1 High Zoom Air CMFT Hare hakk\u0131nda daha fazla bilgi almak ve \u00fcr\u00fcn\u00fcn g\u00fcncel global piyasa de\u011ferini takip etmek i\u00e7in <a href=\"https:\/\/stockx.com\/air-jordan-1-high-zoom-air-cmft-hare\" target=\"_blank\" rel=\"noopener noreferrer\">StockX<\/a> adresini ziyaret edebilirsiniz.<\/p>\n","protected":false},"featured_media":79829,"template":"","meta":{"_acf_changed":false},"product_brand":[2041,2019,2087,1928],"product_cat":[74,96,1577,945,1578,1569],"product_tag":[1334],"class_list":{"0":"post-79828","1":"product","2":"type-product","3":"status-publish","4":"has-post-thumbnail","6":"product_brand-air-jordan-en","7":"product_brand-air-jordan","8":"product_brand-nike-en","9":"product_brand-nike","10":"product_cat-sneakers","11":"product_cat-air-jordan","12":"product_cat-air-jordan-en","13":"product_cat-high","14":"product_cat-high-en","15":"product_cat-sneakers-en","16":"product_tag-gri","18":"first","19":"instock","20":"shipping-taxable","21":"purchasable","22":"product-type-variable"},"acf":[],"_links":{"self":[{"href":"https:\/\/sutore.com\/en\/wp-json\/wp\/v2\/product\/79828","targetHints":{"allow":["GET"]}}],"collection":[{"href":"https:\/\/sutore.com\/en\/wp-json\/wp\/v2\/product"}],"about":[{"href":"https:\/\/sutore.com\/en\/wp-json\/wp\/v2\/types\/product"}],"wp:featuredmedia":[{"embeddable":true,"href":"https:\/\/sutore.com\/en\/wp-json\/wp\/v2\/media\/79829"}],"wp:attachment":[{"href":"https:\/\/sutore.com\/en\/wp-json\/wp\/v2\/media?parent=79828"}],"wp:term":[{"taxonomy":"product_brand","embeddable":true,"href":"https:\/\/sutore.com\/en\/wp-json\/wp\/v2\/product_brand?post=79828"},{"taxonomy":"product_cat","embeddable":true,"href":"https:\/\/sutore.com\/en\/wp-json\/wp\/v2\/product_cat?post=79828"},{"taxonomy":"product_tag","embeddable":true,"href":"https:\/\/sutore.com\/en\/wp-json\/wp\/v2\/product_tag?post=79828"}],"curies":[{"name":"wp","href":"https:\/\/api.w.org\/{rel}","templated":true}]}}