{"id":897,"date":"2020-05-29T14:09:40","date_gmt":"2020-05-29T11:09:40","guid":{"rendered":"http:\/\/sutore.com\/product\/import-placeholder-for-1770\/"},"modified":"2026-04-02T18:08:22","modified_gmt":"2026-04-02T15:08:22","slug":"nike-air-max-270-react-eng-travis-scott-cactus-trails","status":"publish","type":"product","link":"https:\/\/sutore.com\/en\/product\/nike-air-max-270-react-eng-travis-scott-cactus-trails\/","title":{"rendered":"Nike Air Max 270 React ENG Travis Scott Cactus Trails"},"content":{"rendered":"<p style=\"text-align: center;\">Nike ve Travis Scott, \u015fimdi sutore&#8217;de bulunan <span lang=\"TR\">Nike Air Max 270 React ENG Travis Scott Cactus Trails <\/span> ile bir kez daha bir araya geliyor. La Flame ilk defa bir Air Max silueti \u00fczerine imzas\u0131n\u0131 koyuyor.<\/p>\n<p style=\"text-align: center;\">Bu Air Max 270, s\u00fcet ve deri kaplamalar\u0131yla birlikte \u00f6rg\u00fc bir \u00fcst i\u00e7eriyor. Alt\u0131n orta taban, ba\u011fc\u0131k kilitleri ile ye\u015fil dil ve topuktaki Cactus Jack logosu tasar\u0131m\u0131 tamaml\u0131yor. May\u0131s 2020&#8217;de piyasaya s\u00fcr\u00fclen bu model 170 dolar fiyat etiketiyle vitrinlerdeki yerini ald\u0131. Bu \u00e7arp\u0131c\u0131 modeli stoklar t\u00fckenmeden hemen sat\u0131n al.<\/p>\n<p style=\"text-align: center;\">\u00dcr\u00fcn hakk\u0131nda daha fazla bilgi almak ve \u00fcr\u00fcn\u00fcn g\u00fcncel global piyasa de\u011ferini takip etmek i\u00e7in <a href=\"https:\/\/stockx.com\/nike-air-max-270-react-travis-scott\" target=\"_blank\" rel=\"noopener noreferrer\">StockX<\/a> adresini ziyaret edebilirsiniz.<\/p>\n","protected":false},"excerpt":{"rendered":"<p style=\"text-align: center;\">Nike ve Travis Scott, \u015fimdi sutore&#8217;de bulunan <span lang=\"TR\">Nike Air Max 270 React ENG Travis Scott Cactus Trails <\/span> ile bir kez daha bir araya geliyor. La Flame ilk defa bir Air Max silueti \u00fczerine imzas\u0131n\u0131 koyuyor.<\/p>\n<p>&nbsp;<\/p>\n<p style=\"text-align: center;\">Bu Air Max 270, s\u00fcet ve deri kaplamalar\u0131yla birlikte \u00f6rg\u00fc bir \u00fcst i\u00e7eriyor. Alt\u0131n orta taban, ba\u011fc\u0131k kilitleri ile ye\u015fil dil ve topuktaki Cactus Jack logosu tasar\u0131m\u0131 tamaml\u0131yor. May\u0131s 2020&#8217;de piyasaya s\u00fcr\u00fclen bu model 170 dolar fiyat etiketiyle vitrinlerdeki yerini ald\u0131. Bu \u00e7arp\u0131c\u0131 modeli stoklar t\u00fckenmeden hemen sat\u0131n al.<\/p>\n<p>&nbsp;<\/p>\n<p style=\"text-align: center;\">\u00dcr\u00fcn hakk\u0131nda daha fazla bilgi almak ve \u00fcr\u00fcn\u00fcn g\u00fcncel global piyasa de\u011ferini takip etmek i\u00e7in <a href=\"https:\/\/stockx.com\/nike-air-max-270-react-travis-scott\" target=\"_blank\" rel=\"noopener noreferrer\">StockX<\/a> adresini ziyaret edebilirsiniz.<\/p>\n","protected":false},"featured_media":912,"template":"","meta":{"_acf_changed":false},"product_brand":[1928,2087,2008,2117],"product_cat":[74,1584,99,98,1582,1569],"product_tag":[1338],"class_list":{"0":"post-897","1":"product","2":"type-product","3":"status-publish","4":"has-post-thumbnail","6":"product_brand-nike","7":"product_brand-nike-en","8":"product_brand-travis-scott","9":"product_brand-travis-scott-en","10":"product_cat-sneakers","11":"product_cat-air-max-en","12":"product_cat-air-max","13":"product_cat-nike","14":"product_cat-nike-en","15":"product_cat-sneakers-en","16":"product_tag-kahverengi","18":"first","19":"instock","20":"shipping-taxable","21":"purchasable","22":"product-type-variable"},"acf":[],"_links":{"self":[{"href":"https:\/\/sutore.com\/en\/wp-json\/wp\/v2\/product\/897","targetHints":{"allow":["GET"]}}],"collection":[{"href":"https:\/\/sutore.com\/en\/wp-json\/wp\/v2\/product"}],"about":[{"href":"https:\/\/sutore.com\/en\/wp-json\/wp\/v2\/types\/product"}],"wp:featuredmedia":[{"embeddable":true,"href":"https:\/\/sutore.com\/en\/wp-json\/wp\/v2\/media\/912"}],"wp:attachment":[{"href":"https:\/\/sutore.com\/en\/wp-json\/wp\/v2\/media?parent=897"}],"wp:term":[{"taxonomy":"product_brand","embeddable":true,"href":"https:\/\/sutore.com\/en\/wp-json\/wp\/v2\/product_brand?post=897"},{"taxonomy":"product_cat","embeddable":true,"href":"https:\/\/sutore.com\/en\/wp-json\/wp\/v2\/product_cat?post=897"},{"taxonomy":"product_tag","embeddable":true,"href":"https:\/\/sutore.com\/en\/wp-json\/wp\/v2\/product_tag?post=897"}],"curies":[{"name":"wp","href":"https:\/\/api.w.org\/{rel}","templated":true}]}}