{"id":90556,"date":"2022-10-03T12:39:30","date_gmt":"2022-10-03T09:39:30","guid":{"rendered":"https:\/\/sutore.com\/?post_type=product&#038;p=90556"},"modified":"2026-03-21T00:47:05","modified_gmt":"2026-03-20T21:47:05","slug":"nike-dunk-low-valerian-blue","status":"publish","type":"product","link":"https:\/\/sutore.com\/en\/product\/nike-dunk-low-valerian-blue\/","title":{"rendered":"Nike Dunk Low Valerian Blue"},"content":{"rendered":"<h1 class=\"chakra-heading css-1vj6v5q\" style=\"text-align: center\" data-component=\"primary-product-title\"><span style=\"color: #555555;text-align: center;font-size: 14.399999618530273px\">Nike Dunk Low Valerian Blue hakk\u0131nda daha fazla bilgi almak ve \u00fcr\u00fcn\u00fcn g\u00fcncel global piyasa de\u011ferini takip etmek i\u00e7in <\/span><a style=\"text-align: center;font-size: 14.399999618530273px\" href=\"https:\/\/stockx.com\/nike-dunk-low-valerian-blue\" target=\"_blank\" rel=\"noopener noreferrer\">StockX<\/a><span style=\"color: #555555;text-align: center;font-size: 14.399999618530273px\"> adresini ziyaret edebilirsiniz.<\/span><\/h1>\n","protected":false},"excerpt":{"rendered":"<p style=\"text-align: center\">Nike Dunk Low Valerian Blue hakk\u0131nda daha fazla bilgi almak ve \u00fcr\u00fcn\u00fcn g\u00fcncel global piyasa de\u011ferini takip etmek i\u00e7in <a href=\"https:\/\/stockx.com\/nike-dunk-low-valerian-blue\" target=\"_blank\" rel=\"noopener noreferrer\">StockX<\/a> adresini ziyaret edebilirsiniz.<\/p>\n","protected":false},"featured_media":90558,"template":"","meta":{"_acf_changed":false},"product_brand":[1928,2087],"product_cat":[74,100,1585,98,1582,1569],"product_tag":[1332],"class_list":{"0":"post-90556","1":"product","2":"type-product","3":"status-publish","4":"has-post-thumbnail","6":"product_brand-nike","7":"product_brand-nike-en","8":"product_cat-sneakers","9":"product_cat-dunk","10":"product_cat-dunk-en","11":"product_cat-nike","12":"product_cat-nike-en","13":"product_cat-sneakers-en","14":"product_tag-mavi","16":"first","17":"instock","18":"shipping-taxable","19":"purchasable","20":"product-type-variable"},"acf":[],"_links":{"self":[{"href":"https:\/\/sutore.com\/en\/wp-json\/wp\/v2\/product\/90556","targetHints":{"allow":["GET"]}}],"collection":[{"href":"https:\/\/sutore.com\/en\/wp-json\/wp\/v2\/product"}],"about":[{"href":"https:\/\/sutore.com\/en\/wp-json\/wp\/v2\/types\/product"}],"wp:featuredmedia":[{"embeddable":true,"href":"https:\/\/sutore.com\/en\/wp-json\/wp\/v2\/media\/90558"}],"wp:attachment":[{"href":"https:\/\/sutore.com\/en\/wp-json\/wp\/v2\/media?parent=90556"}],"wp:term":[{"taxonomy":"product_brand","embeddable":true,"href":"https:\/\/sutore.com\/en\/wp-json\/wp\/v2\/product_brand?post=90556"},{"taxonomy":"product_cat","embeddable":true,"href":"https:\/\/sutore.com\/en\/wp-json\/wp\/v2\/product_cat?post=90556"},{"taxonomy":"product_tag","embeddable":true,"href":"https:\/\/sutore.com\/en\/wp-json\/wp\/v2\/product_tag?post=90556"}],"curies":[{"name":"wp","href":"https:\/\/api.w.org\/{rel}","templated":true}]}}