{"id":94117,"date":"2023-02-02T12:20:10","date_gmt":"2023-02-02T09:20:10","guid":{"rendered":"https:\/\/sutore.com\/?post_type=product&#038;p=94117"},"modified":"2026-03-31T23:06:51","modified_gmt":"2026-03-31T20:06:51","slug":"swatch-x-omega-bioceramic-moonswatch-mission-to-earth","status":"publish","type":"product","link":"https:\/\/sutore.com\/en\/product\/swatch-x-omega-bioceramic-moonswatch-mission-to-earth\/","title":{"rendered":"Swatch x Omega Bioceramic Moonswatch Mission to Earth"},"content":{"rendered":"<p style=\"text-align: center;\">Swatch x Omega ailesi, \u015fimdi sutore\u2019de bulunan Swatch x Omega Bioceramic Moonswatch Mission to Earth ile pop\u00fcler serisine yeni bir model ekliyor. Bu model 26\/03\/2022 tarihinde SO33G100 etiketiyle piyasaya s\u00fcr\u00fcld\u00fc. S\u0131n\u0131rl\u0131 say\u0131da \u00fcretilen bu modeli stoklar t\u00fckenmeden \u015fimdi hemen <a class=\"buy-it\" href=\"https:\/\/sutore.com\/product\/swatch-x-omega-bioceramic-moonswatch-mission-to-jupiter\/#\">sat\u0131n al<\/a>.<\/p>\n","protected":false},"excerpt":{"rendered":"<p style=\"text-align: center;\">Swatch x Omega ailesi, \u015fimdi sutore\u2019de bulunan Swatch x Omega Bioceramic Moonswatch Mission to Earth ile pop\u00fcler serisine yeni bir model ekliyor. Bu model 26\/03\/2022 tarihinde SO33G100 etiketiyle piyasaya s\u00fcr\u00fcld\u00fc. S\u0131n\u0131rl\u0131 say\u0131da \u00fcretilen bu modeli stoklar t\u00fckenmeden \u015fimdi hemen <a class=\"buy-it\" href=\"https:\/\/sutore.com\/product\/swatch-x-omega-bioceramic-moonswatch-mission-to-jupiter\/#\">sat\u0131n al<\/a>.<\/p>\n","protected":false},"featured_media":94153,"template":"","meta":{"_acf_changed":false},"product_brand":[1981,2089,1918,2112],"product_cat":[1561,362,968,1562],"product_tag":[],"class_list":{"0":"post-94117","1":"product","2":"type-product","3":"status-publish","4":"has-post-thumbnail","6":"product_brand-omega","7":"product_brand-omega-en","8":"product_brand-swatch","9":"product_brand-swatch-en","10":"product_cat-accessories-en","11":"product_cat-accessories","12":"product_cat-watches","13":"product_cat-watches-en","15":"first","16":"instock","17":"shipping-taxable","18":"purchasable","19":"product-type-variable"},"acf":[],"_links":{"self":[{"href":"https:\/\/sutore.com\/en\/wp-json\/wp\/v2\/product\/94117","targetHints":{"allow":["GET"]}}],"collection":[{"href":"https:\/\/sutore.com\/en\/wp-json\/wp\/v2\/product"}],"about":[{"href":"https:\/\/sutore.com\/en\/wp-json\/wp\/v2\/types\/product"}],"wp:featuredmedia":[{"embeddable":true,"href":"https:\/\/sutore.com\/en\/wp-json\/wp\/v2\/media\/94153"}],"wp:attachment":[{"href":"https:\/\/sutore.com\/en\/wp-json\/wp\/v2\/media?parent=94117"}],"wp:term":[{"taxonomy":"product_brand","embeddable":true,"href":"https:\/\/sutore.com\/en\/wp-json\/wp\/v2\/product_brand?post=94117"},{"taxonomy":"product_cat","embeddable":true,"href":"https:\/\/sutore.com\/en\/wp-json\/wp\/v2\/product_cat?post=94117"},{"taxonomy":"product_tag","embeddable":true,"href":"https:\/\/sutore.com\/en\/wp-json\/wp\/v2\/product_tag?post=94117"}],"curies":[{"name":"wp","href":"https:\/\/api.w.org\/{rel}","templated":true}]}}