{"id":96358,"date":"2022-04-03T17:22:38","date_gmt":"2022-04-03T14:22:38","guid":{"rendered":"https:\/\/sutore.com\/?post_type=product&#038;p=96358"},"modified":"2026-04-02T17:57:09","modified_gmt":"2026-04-02T14:57:09","slug":"nike-air-jordan-1-retro-high-85-varsity-red","status":"publish","type":"product","link":"https:\/\/sutore.com\/en\/product\/nike-air-jordan-1-retro-high-85-varsity-red\/","title":{"rendered":"Nike Air Jordan 1 Retro High 85 Varsity Red"},"content":{"rendered":"<p style=\"text-align: center;\">Nike Air Jordan 1 Retro High 85 Varsity Red hakk\u0131nda daha fazla bilgi almak ve \u00fcr\u00fcn\u00fcn g\u00fcncel global piyasa de\u011ferini takip etmek i\u00e7in <a href=\"https:\/\/stockx.com\/air-jordan-1-retro-high-85-varsity-red\" target=\"_blank\" rel=\"noopener noreferrer\">StockX<\/a> adresini ziyaret edebilirsiniz.<\/p>\n","protected":false},"excerpt":{"rendered":"<p style=\"text-align: center;\">Nike Air Jordan 1 Retro High 85 Varsity Red hakk\u0131nda daha fazla bilgi almak ve \u00fcr\u00fcn\u00fcn g\u00fcncel global piyasa de\u011ferini takip etmek i\u00e7in <a href=\"https:\/\/stockx.com\/air-jordan-1-retro-high-85-varsity-red\" target=\"_blank\" rel=\"noopener noreferrer\">StockX<\/a> adresini ziyaret edebilirsiniz.<\/p>\n","protected":false},"featured_media":96360,"template":"","meta":{"_acf_changed":false},"product_brand":[2041,2019,1928,2087],"product_cat":[74,1577,96,945,1578,1569],"product_tag":[1329,1327],"class_list":{"0":"post-96358","1":"product","2":"type-product","3":"status-publish","4":"has-post-thumbnail","6":"product_brand-air-jordan-en","7":"product_brand-air-jordan","8":"product_brand-nike","9":"product_brand-nike-en","10":"product_cat-sneakers","11":"product_cat-air-jordan-en","12":"product_cat-air-jordan","13":"product_cat-high","14":"product_cat-high-en","15":"product_cat-sneakers-en","16":"product_tag-kirmizi","17":"product_tag-siyah","19":"first","20":"instock","21":"shipping-taxable","22":"purchasable","23":"product-type-variable"},"acf":[],"_links":{"self":[{"href":"https:\/\/sutore.com\/en\/wp-json\/wp\/v2\/product\/96358","targetHints":{"allow":["GET"]}}],"collection":[{"href":"https:\/\/sutore.com\/en\/wp-json\/wp\/v2\/product"}],"about":[{"href":"https:\/\/sutore.com\/en\/wp-json\/wp\/v2\/types\/product"}],"wp:featuredmedia":[{"embeddable":true,"href":"https:\/\/sutore.com\/en\/wp-json\/wp\/v2\/media\/96360"}],"wp:attachment":[{"href":"https:\/\/sutore.com\/en\/wp-json\/wp\/v2\/media?parent=96358"}],"wp:term":[{"taxonomy":"product_brand","embeddable":true,"href":"https:\/\/sutore.com\/en\/wp-json\/wp\/v2\/product_brand?post=96358"},{"taxonomy":"product_cat","embeddable":true,"href":"https:\/\/sutore.com\/en\/wp-json\/wp\/v2\/product_cat?post=96358"},{"taxonomy":"product_tag","embeddable":true,"href":"https:\/\/sutore.com\/en\/wp-json\/wp\/v2\/product_tag?post=96358"}],"curies":[{"name":"wp","href":"https:\/\/api.w.org\/{rel}","templated":true}]}}