{"id":97037,"date":"2022-10-01T16:31:01","date_gmt":"2022-10-01T13:31:01","guid":{"rendered":"https:\/\/sutore.com\/?post_type=product&#038;p=97037"},"modified":"2025-05-07T21:47:34","modified_gmt":"2025-05-07T18:47:34","slug":"stussy-washed-canvas-shop-jacket-yellow","status":"publish","type":"product","link":"https:\/\/sutore.com\/en\/product\/stussy-washed-canvas-shop-jacket-yellow\/","title":{"rendered":"Stussy Washed Canvas Shop Jacket Yellow"},"content":{"rendered":"<p style=\"text-align: center;\"><span style=\"font-size: 14.4px;\">Stussy Washed Canvas Shop Jacket Yellow hakk\u0131nda daha fazla bilgi almak ve \u00fcr\u00fcn\u00fcn g\u00fcncel global piyasa de\u011ferini takip etmek i\u00e7in <\/span>StockX<span style=\"font-size: 14.4px;\"> adresini ziyaret edebilirsiniz.<\/span><\/p>\n","protected":false},"excerpt":{"rendered":"<p style=\"text-align: center;\">Stussy Washed Canvas Shop Jacket Yellow hakk\u0131nda daha fazla bilgi almak ve \u00fcr\u00fcn\u00fcn g\u00fcncel global piyasa de\u011ferini takip etmek i\u00e7in StockX adresini ziyaret edebilirsiniz.<\/p>\n","protected":false},"featured_media":97038,"template":"","meta":{"_acf_changed":false},"product_brand":[1983,2111],"product_cat":[714,1564,2154,2178],"product_tag":[1335],"class_list":{"0":"post-97037","1":"product","2":"type-product","3":"status-publish","4":"has-post-thumbnail","6":"product_brand-stussy","7":"product_brand-stussy-en","8":"product_cat-apparels","9":"product_cat-apparels-en","10":"product_cat-outerwear","11":"product_cat-outerwear-en","12":"product_tag-sari","14":"first","15":"outofstock","16":"shipping-taxable","17":"product-type-variable"},"acf":[],"_links":{"self":[{"href":"https:\/\/sutore.com\/en\/wp-json\/wp\/v2\/product\/97037","targetHints":{"allow":["GET"]}}],"collection":[{"href":"https:\/\/sutore.com\/en\/wp-json\/wp\/v2\/product"}],"about":[{"href":"https:\/\/sutore.com\/en\/wp-json\/wp\/v2\/types\/product"}],"wp:featuredmedia":[{"embeddable":true,"href":"https:\/\/sutore.com\/en\/wp-json\/wp\/v2\/media\/97038"}],"wp:attachment":[{"href":"https:\/\/sutore.com\/en\/wp-json\/wp\/v2\/media?parent=97037"}],"wp:term":[{"taxonomy":"product_brand","embeddable":true,"href":"https:\/\/sutore.com\/en\/wp-json\/wp\/v2\/product_brand?post=97037"},{"taxonomy":"product_cat","embeddable":true,"href":"https:\/\/sutore.com\/en\/wp-json\/wp\/v2\/product_cat?post=97037"},{"taxonomy":"product_tag","embeddable":true,"href":"https:\/\/sutore.com\/en\/wp-json\/wp\/v2\/product_tag?post=97037"}],"curies":[{"name":"wp","href":"https:\/\/api.w.org\/{rel}","templated":true}]}}