{"id":994,"date":"2019-03-09T14:10:24","date_gmt":"2019-03-09T11:10:24","guid":{"rendered":"http:\/\/sutore.com\/product\/import-placeholder-for-1925\/"},"modified":"2026-04-02T18:10:52","modified_gmt":"2026-04-02T15:10:52","slug":"adidas-yeezy-boost-700-inertia","status":"publish","type":"product","link":"https:\/\/sutore.com\/en\/product\/adidas-yeezy-boost-700-inertia\/","title":{"rendered":"adidas Yeezy Boost 700 Inertia"},"content":{"rendered":"<p style=\"text-align: center;\">Yeezy Ailesi, \u015fimdi sutore&#8217;de bulunan adidas Yeezy Boost 700 Inertia ile pop\u00fcler serisine yeni bir renk gurubu ekliyor. Bu Boost 700, Yeezy&#8217;nin imza paletine sad\u0131k kalarak do\u011fall\u0131\u011f\u0131 hissettiren spor tonlar sunuyor.<\/p>\n<p style=\"text-align: center;\">Bu Yeezy Boost 700, turuncu desenli gri bir \u00fcst, gri orta taban ve beyaz taban ile birlikte geliyor. Mart 2019\u2019da piyasaya s\u00fcr\u00fclen bu model 300 dolar fiyat etiketiyle vitrinlerdeki yerini ald\u0131. Bu fresh modeli stoklar yanmadan hemen sat\u0131n al.<\/p>\n<p style=\"text-align: center;\">\u00dcr\u00fcn hakk\u0131nda daha fazla bilgi almak ve \u00fcr\u00fcn\u00fcn g\u00fcncel global piyasa de\u011ferini takip etmek i\u00e7in <a href=\"https:\/\/stockx.com\/adidas-yeezy-boost-700-inertia\" target=\"_blank\" rel=\"noopener noreferrer\">StockX<\/a> adresini ziyaret edebilirsiniz.<\/p>\n","protected":false},"excerpt":{"rendered":"<p style=\"text-align: center;\">Yeezy Ailesi, \u015fimdi sutore&#8217;de bulunan adidas Yeezy Boost 700 Inertia ile pop\u00fcler serisine yeni bir renk gurubu ekliyor. Bu Boost 700, Yeezy&#8217;nin imza paletine sad\u0131k kalarak do\u011fall\u0131\u011f\u0131 hissettiren spor tonlar sunuyor.<\/p>\n<p>&nbsp;<\/p>\n<p style=\"text-align: center;\">Bu Yeezy Boost 700, turuncu desenli gri bir \u00fcst, gri orta taban ve beyaz taban ile birlikte geliyor. Mart 2019\u2019da piyasaya s\u00fcr\u00fclen bu model 300 dolar fiyat etiketiyle vitrinlerdeki yerini ald\u0131. Bu fresh modeli stoklar yanmadan hemen sat\u0131n al.<\/p>\n<p>&nbsp;<\/p>\n<p style=\"text-align: center;\">\u00dcr\u00fcn hakk\u0131nda daha fazla bilgi almak ve \u00fcr\u00fcn\u00fcn g\u00fcncel global piyasa de\u011ferini takip etmek i\u00e7in <a href=\"https:\/\/stockx.com\/adidas-yeezy-boost-700-inertia\" target=\"_blank\" rel=\"noopener noreferrer\">StockX<\/a> adresini ziyaret edebilirsiniz.<\/p>\n","protected":false},"featured_media":1015,"template":"","meta":{"_acf_changed":false},"product_brand":[2127,1927,2003,2126],"product_cat":[74,1575,95,71,1570,1569,1571,72],"product_tag":[1334],"class_list":{"0":"post-994","1":"product","2":"type-product","3":"status-publish","4":"has-post-thumbnail","6":"product_brand-adidas-en","7":"product_brand-adidas","8":"product_brand-yeezy","9":"product_brand-yeezy-en","10":"product_cat-sneakers","11":"product_cat-700-en","12":"product_cat-95","13":"product_cat-adidas","14":"product_cat-adidas-en","15":"product_cat-sneakers-en","16":"product_cat-yeezy-en","17":"product_cat-yeezy","18":"product_tag-gri","20":"first","21":"instock","22":"shipping-taxable","23":"purchasable","24":"product-type-variable"},"acf":[],"_links":{"self":[{"href":"https:\/\/sutore.com\/en\/wp-json\/wp\/v2\/product\/994","targetHints":{"allow":["GET"]}}],"collection":[{"href":"https:\/\/sutore.com\/en\/wp-json\/wp\/v2\/product"}],"about":[{"href":"https:\/\/sutore.com\/en\/wp-json\/wp\/v2\/types\/product"}],"wp:featuredmedia":[{"embeddable":true,"href":"https:\/\/sutore.com\/en\/wp-json\/wp\/v2\/media\/1015"}],"wp:attachment":[{"href":"https:\/\/sutore.com\/en\/wp-json\/wp\/v2\/media?parent=994"}],"wp:term":[{"taxonomy":"product_brand","embeddable":true,"href":"https:\/\/sutore.com\/en\/wp-json\/wp\/v2\/product_brand?post=994"},{"taxonomy":"product_cat","embeddable":true,"href":"https:\/\/sutore.com\/en\/wp-json\/wp\/v2\/product_cat?post=994"},{"taxonomy":"product_tag","embeddable":true,"href":"https:\/\/sutore.com\/en\/wp-json\/wp\/v2\/product_tag?post=994"}],"curies":[{"name":"wp","href":"https:\/\/api.w.org\/{rel}","templated":true}]}}